{"id":8227,"date":"2023-12-03T10:24:52","date_gmt":"2023-12-03T10:24:52","guid":{"rendered":"https:\/\/tatutrad.net\/?page_id=8227"},"modified":"2025-03-26T12:39:55","modified_gmt":"2025-03-26T11:39:55","slug":"aviso-legal","status":"publish","type":"page","link":"https:\/\/tatutrad.net\/fr\/aviso-legal\/","title":{"rendered":"Aviso Legal"},"content":{"rendered":"\n<p><strong>OBJETO:<\/strong><\/p>\n\n\n\n<p>La presente p\u00e1gina Web ha sido dise\u00f1ada para dar a conocer los servicios ofertados por la entidad TATUTRAD, S.L. con CIF\/NIF: B91619882, Espa\u00f1a; e inscrita en Registro Mercantil\/Asociaciones de SEVILLA y sus datos registrales son: Tomo 4592, Folio 135, Secci\u00f3n , Hoja SE71970, Inscripci\u00f3n 1; as\u00ed como para la recepci\u00f3n de posibles solicitudes de servicios por parte de clientes, contactos comerciales y demandas de empleo.<\/p>\n\n\n\n<p><strong>COMUNICACIONES:<\/strong><\/p>\n\n\n\n<p>Para comunicarse con nosotros, ponemos a su disposici\u00f3n diferentes medios de contacto que detallamos a continuaci\u00f3n:<\/p>\n\n\n\n<p>\u2022Tfno: 954402398<br>\u2022C. Electr\u00f3nico: information@tatutrad.net<br>\u2022Direcci\u00f3n postal: AVD. EMILIO LEMOS, 2. OFC. 603-604. 41020-SEVILLA (SEVILLA)<\/p>\n\n\n\n<p>Todas las notificaciones y comunicaciones entre los usuarios y TATUTRAD, S.L. se considerar\u00e1n eficaces, a todos los efectos, cuando se realicen a trav\u00e9s de cualquier medio de los detallados anteriormente.<\/p>\n\n\n\n<p><strong>PROPIEDAD INTELECTUAL E INDUSTRIAL:<\/strong><\/p>\n\n\n\n<p>Los derechos de propiedad intelectual de la p\u00e1gina&nbsp;www.tatutrad.net, su c\u00f3digo fuente, dise\u00f1o, estructuras de navegaci\u00f3n y los distintos elementos en ella contenidos son titularidad de TATUTRAD, S.L. a quien corresponde el ejercicio exclusivo de los derechos de explotaci\u00f3n de los mismos en cualquier forma y, en especial, los derechos de reproducci\u00f3n, distribuci\u00f3n, comunicaci\u00f3n p\u00fablica y transformaci\u00f3n, de acuerdo con la legislaci\u00f3n espa\u00f1ola y de la uni\u00f3n europea aplicable.<\/p>\n\n\n\n<p>El portal de TATUTRAD, S.L., las p\u00e1ginas que comprende y la informaci\u00f3n o elementos contenidos en las mismas, incluyen textos, documentos, fotograf\u00edas, dibujos, representaciones gr\u00e1ficas, programas inform\u00e1ticos, as\u00ed como logotipos, marcas, nombres comerciales, u otros signos distintivos, protegidos por derechos de propiedad intelectual o industrial, de los que TATUTRAD, S.L. son titulares o leg\u00edtimas licenciatarias.<\/p>\n\n\n\n<p><strong>CONTENIDOS:<\/strong><\/p>\n\n\n\n<p>Se facilita a trav\u00e9s de esta Web informaci\u00f3n acerca de servicios destinados a conocimiento p\u00fablico que en todo caso se sujetar\u00e1n a los t\u00e9rminos y condiciones expresamente detallados en cada momento y que son accesibles desde esta p\u00e1gina Web, los cuales se sujetar\u00e1n a las distintas disposiciones legales de aplicaci\u00f3n.<br><br><\/p>\n\n\n\n<p><strong>ACCESO Y USO:<\/strong><\/p>\n\n\n\n<p>Tanto el acceso a esta p\u00e1gina Web, como el uso que pueda hacerse de la informaci\u00f3n y contenidos incluidos en la misma, ser\u00e1 de la exclusiva responsabilidad de quien lo realice.<\/p>\n\n\n\n<p>Las condiciones de acceso a esta Web estar\u00e1n sometidas a la legalidad vigente y los principios de la buena fe y uso l\u00edcito por parte del usuario de la misma, quedando prohibido con car\u00e1cter general cualquier tipo de actuaci\u00f3n en perjuicio de TATUTRAD, S.L..<\/p>\n\n\n\n<p>Se considerar\u00e1 terminantemente prohibido el uso de la presente p\u00e1gina Web con fines ilegales o no autorizados.<\/p>\n\n\n\n<p>Queda prohibida cualquier modalidad de explotaci\u00f3n, incluyendo todo tipo de reproducci\u00f3n, distribuci\u00f3n, cesi\u00f3n a terceros, comunicaci\u00f3n p\u00fablica y transformaci\u00f3n, mediante cualquier tipo de soporte y medio, de las obras antes referidas, creaciones y signos distintivos sin autorizaci\u00f3n previa y expresa de sus respectivos titulares. El incumplimiento de esta prohibici\u00f3n podr\u00e1 constituir infracci\u00f3n sancionable por la legislaci\u00f3n vigente.<\/p>\n\n\n\n<p>El usuario se compromete expresamente a hacer un uso adecuado de los contenidos y servicios de TATUTRAD, S.L. y a no emplearlos para, entre otros:<\/p>\n\n\n\n<p>a) Difundir contenidos delictivos, violentos, pornogr\u00e1ficos, racistas, xen\u00f3fobos, ofensivos, de apolog\u00eda del terrorismo o, en general, contrarios a la ley o al orden p\u00fablico.<\/p>\n\n\n\n<p>b) Introducir en la red virus inform\u00e1ticos o realizar actuaciones susceptibles de alterar, estropear, interrumpir o generar errores o da\u00f1os en los documentos electr\u00f3nicos, datos o sistemas f\u00edsicos y l\u00f3gicos de TATUTRAD, S.L. o de terceras personas; as\u00ed como obstaculizar el acceso de otros usuarios al sitio web y a sus servicios mediante el consumo masivo de los recursos inform\u00e1ticos a trav\u00e9s de los cuales TATUTRAD, S.L. presta sus servicios.<\/p>\n\n\n\n<p>c) Intentar acceder a las cuentas de correo electr\u00f3nico de otros usuarios o a \u00e1reas restringidas de los sistemas inform\u00e1ticos de TATUTRAD, S.L. o de terceros y, en su caso, extraer informaci\u00f3n.<\/p>\n\n\n\n<p>d) Vulnerar los derechos de propiedad intelectual o industrial, as\u00ed como violar la confidencialidad de la informaci\u00f3n de TATUTRAD, S.L. o de terceros.<\/p>\n\n\n\n<p>e) Suplantar la identidad de cualquier otro usuario.<\/p>\n\n\n\n<p>f) Reproducir, copiar, distribuir, poner a disposici\u00f3n de, o cualquier otra forma de comunicaci\u00f3n p\u00fablica, transformar o modificar los contenidos, a menos que se cuente con la autorizaci\u00f3n del titular de los correspondientes derechos o ello resulte legalmente permitido.<\/p>\n\n\n\n<p>g) Recabar datos con finalidad publicitaria y de remitir publicidad de cualquier clase y comunicaciones con fines de venta u otras de naturaleza comercial sin que medie su previa solicitud o consentimiento.<br><br><\/p>\n\n\n\n<p>No obstante, por su cuenta y riesgo, el usuario podr\u00e1 descargar o realizar copia de tales elementos exclusivamente para su uso personal, siempre que no infrinja ninguno de los derechos de propiedad intelectual o industrial de TATUTRAD, S.L., ni los altere total o parcialmente. En ning\u00fan caso, ello significar\u00e1 una autorizaci\u00f3n o licencia sobre los derechos de propiedad de TATUTRAD, S.L..<\/p>\n\n\n\n<p>Queda prohibido, salvo en los casos que expresamente lo autorice TATUTRAD, S.L., presentar las p\u00e1ginas de TATUTRAD, S.L., o la informaci\u00f3n contenida en ellas bajo frames o marcos, signos distintivos, marcas o denominaciones sociales o comerciales de otra persona, empresa o entidad.<\/p>\n\n\n\n<p><strong>RESPONSABILIDAD:<\/strong><\/p>\n\n\n\n<p>TATUTRAD, S.L. no se hace responsable bajo ning\u00fan concepto por ning\u00fan tipo de da\u00f1o que pudiesen ocasionar los Usuarios a la presente p\u00e1gina Web, o a cualquier otra, por el uso ilegal o indebido de la misma, o de los contenidos e informaciones accesibles o facilitadas a trav\u00e9s de ella.<\/p>\n\n\n\n<p>TATUTRAD, S.L. excluye, hasta donde permite el ordenamiento jur\u00eddico, cualquier responsabilidad por los da\u00f1os y perjuicios de toda naturaleza derivados de:<\/p>\n\n\n\n<p>La imposibilidad de acceso al sitio web o la falta de veracidad, exactitud, exhaustividad y\/o actualidad de los contenidos, as\u00ed como la existencia de vicios y defectos de toda clase de los contenidos transmitidos, difundidos, almacenados, puestos a disposici\u00f3n, a los que se haya accedido a trav\u00e9s del sitio web o de los servicios que se ofrecen.<\/p>\n\n\n\n<p>La presencia de virus o de otros elementos en los contenidos que puedan producir alteraciones en los sistemas inform\u00e1ticos, documentos electr\u00f3nicos o datos de los usuarios.<\/p>\n\n\n\n<p>El incumplimiento de las leyes, la buena fe, el orden p\u00fablico, los usos del tr\u00e1fico y el presente aviso legal como consecuencia del uso incorrecto del sitio web. En particular, y a modo ejemplificativo, TATUTRAD, S.L. no se hace responsable de las actuaciones de terceros que vulneren derechos de propiedad intelectual e industrial, secretos empresariales, derechos al honor, a la intimidad personal y familiar y a la propia imagen, as\u00ed como la normativa en materia de competencia desleal y publicidad il\u00edcita.<\/p>\n\n\n\n<p>Asimismo, TATUTRAD, S.L. declina cualquier responsabilidad respecto a la informaci\u00f3n que se halle fuera de esta web y no sea gestionada directamente por nuestro webmaster. La funci\u00f3n de los links que aparecen en esta web es exclusivamente la de informar al usuario sobre la existencia de otras fuentes susceptibles de ampliar los contenidos que ofrece este sitio web. TATUTRAD, S.L. no garantiza ni se responsabiliza del funcionamiento o accesibilidad de los sitios enlazados; ni sugiere, invita o recomienda la visita a los mismos, por lo que tampoco ser\u00e1 responsable del resultado obtenido. TATUTRAD, S.L. no se responsabiliza del establecimiento de hiperv\u00ednculos por parte de terceros.<br><br><\/p>\n\n\n\n<p><strong>SERVICIO:<\/strong><\/p>\n\n\n\n<p>TATUTRAD, S.L. se reserva el derecho de suspender el acceso a su p\u00e1gina Web, sin previo aviso, de forma discrecional y temporal, por razones t\u00e9cnicas o de cualquier otra \u00edndole, pudiendo asimismo modificar unilateralmente tanto las condiciones de acceso, como la totalidad o parte de los contenidos en ella incluidos.<\/p>\n\n\n\n<p><strong>GENERALES:<\/strong><\/p>\n\n\n\n<p>Para toda cuesti\u00f3n litigiosa o que incumba a la P\u00e1gina Web de TATUTRAD, S.L., ser\u00e1 de aplicaci\u00f3n la legislaci\u00f3n espa\u00f1ola, siendo competentes para la resoluci\u00f3n de todos los conflictos derivados o relacionados con el uso de esta p\u00e1gina Web, los Juzgados y Tribunales del domicilio del usuario. El acceso a la p\u00e1gina Web de TATUTRAD, S.L. implica la aceptaci\u00f3n de todas las condiciones anteriormente expresadas.<\/p>\n\n\n\n<p><strong>PROCEDIMIENTO EN CASO DE REALIZACI\u00d3N DE ACTIVIDADES DE CAR\u00c1CTER IL\u00cdCITO:<\/strong><\/p>\n\n\n\n<p>En el caso de que cualquier usuario o un tercero considere que existen hechos o circunstancias que revelen el car\u00e1cter il\u00edcito de la utilizaci\u00f3n de cualquier contenido y\/o de la realizaci\u00f3n de cualquier actividad en las p\u00e1ginas web incluidas o accesibles a trav\u00e9s del sitio web, deber\u00e1 enviar una notificaci\u00f3n a TATUTRAD, S.L. identific\u00e1ndose debidamente y especificando las supuestas infracciones.<\/p>\n\n\n\n<p><strong>HIPERENLACES:<\/strong><\/p>\n\n\n\n<p>Los hiperenlaces contenidos en el sitio Web de TATUTRAD, S.L. pueden dirigir a p\u00e1ginas Web de terceros. TATUTRAD, S.L. no asume ninguna responsabilidad por el contenido, informaciones o servicios que pudieran aparecer en dichos sitios, que tendr\u00e1n exclusivamente car\u00e1cter informativo y que en ning\u00fan caso implican relaci\u00f3n alguna entre TATUTRAD, S.L. y a las personas o entidades titulares de tales contenidos o titulares de los sitios donde se encuentren.<\/p>\n\n\n\n<p><strong>INFORMACI\u00d3N PROTECCI\u00d3N DE DATOS<br><\/strong><strong>Responsable:&nbsp;<\/strong>TATUTRAD, S.L. (TATUTRAD, S.L.)<br><strong>Domicilio:&nbsp;<\/strong>AVD. EMILIO LEMOS, 2. OFC. 603-604. 41020-SEVILLA (SEVILLA)<\/p>\n\n\n\n<p><strong>Finalidad:&nbsp;<\/strong>Relaci\u00f3n integral con los titulares de los datos.<br><strong>Destinatarios de las cesiones:&nbsp;<\/strong>Las legalmente establecidas<br><strong>Ejercicio de los derechos:&nbsp;<\/strong>Acceso, Rectificaci\u00f3n, Supresi\u00f3n, Oposici\u00f3n, Limitaci\u00f3n del tratamiento y Portabilidad, en la direcci\u00f3n postal del Responsable o por E-mail a information@tatutrad.net. Tambi\u00e9n tiene derecho a presentar reclamaci\u00f3n ante la AEPD.<br><strong>Conservaci\u00f3n de los datos:&nbsp;<\/strong>Mientras dure la relaci\u00f3n, dejando a salvo los plazos de prescripci\u00f3n legal y reclamaci\u00f3n de posibles responsabilidades.<br><strong>M\u00e1s informaci\u00f3n:&nbsp;<\/strong>information@tatutrad.net<\/p>\n","protected":false},"excerpt":{"rendered":"<p>OBJETO: La presente p\u00e1gina Web ha sido dise\u00f1ada para dar a conocer los servicios ofertados por la entidad TATUTRAD, S.L. con CIF\/NIF: B91619882, Espa\u00f1a; e inscrita en Registro Mercantil\/Asociaciones de SEVILLA y sus datos registrales son: Tomo 4592, Folio 135, Secci\u00f3n , Hoja SE71970, Inscripci\u00f3n 1; as\u00ed como para la recepci\u00f3n de posibles solicitudes de [&hellip;]<\/p>\n","protected":false},"author":6,"featured_media":0,"parent":0,"menu_order":0,"comment_status":"closed","ping_status":"closed","template":"","meta":{"_et_pb_use_builder":"off","_et_pb_old_content":"","_et_gb_content_width":"","_uag_custom_page_level_css":"","_monsterinsights_skip_tracking":false,"_monsterinsights_sitenote_active":false,"_monsterinsights_sitenote_note":"","_monsterinsights_sitenote_category":0,"_uf_show_specific_survey":0,"_uf_disable_surveys":false,"footnotes":""},"class_list":["post-8227","page","type-page","status-publish","hentry"],"yoast_head":"<!-- This site is optimized with the Yoast SEO plugin v24.8.1 - https:\/\/yoast.com\/wordpress\/plugins\/seo\/ -->\n<title>Aviso Legal - Tatutrad<\/title>\n<meta name=\"robots\" content=\"noindex, nofollow\" \/>\n<meta property=\"og:locale\" content=\"fr_FR\" \/>\n<meta property=\"og:type\" content=\"article\" \/>\n<meta property=\"og:title\" content=\"Aviso Legal - Tatutrad\" \/>\n<meta property=\"og:description\" content=\"OBJETO: La presente p\u00e1gina Web ha sido dise\u00f1ada para dar a conocer los servicios ofertados por la entidad TATUTRAD, S.L. con CIF\/NIF: B91619882, Espa\u00f1a; e inscrita en Registro Mercantil\/Asociaciones de SEVILLA y sus datos registrales son: Tomo 4592, Folio 135, Secci\u00f3n , Hoja SE71970, Inscripci\u00f3n 1; as\u00ed como para la recepci\u00f3n de posibles solicitudes de [&hellip;]\" \/>\n<meta property=\"og:url\" content=\"https:\/\/tatutrad.net\/fr\/aviso-legal\/\" \/>\n<meta property=\"og:site_name\" content=\"Tatutrad\" \/>\n<meta property=\"article:modified_time\" content=\"2025-03-26T11:39:55+00:00\" \/>\n<meta property=\"og:image\" content=\"https:\/\/tatutrad.net\/wp-content\/uploads\/2024\/11\/TATUTRAD-communication-for-a-worldwide-reach-1200-675.jpg\" \/>\n\t<meta property=\"og:image:width\" content=\"1200\" \/>\n\t<meta property=\"og:image:height\" content=\"675\" \/>\n\t<meta property=\"og:image:type\" content=\"image\/jpeg\" \/>\n<meta name=\"twitter:card\" content=\"summary_large_image\" \/>\n<meta name=\"twitter:label1\" content=\"Dur\u00e9e de lecture estim\u00e9e\" \/>\n\t<meta name=\"twitter:data1\" content=\"7 minutes\" \/>\n<script type=\"application\/ld+json\" class=\"yoast-schema-graph\">{\"@context\":\"https:\/\/schema.org\",\"@graph\":[{\"@type\":\"WebPage\",\"@id\":\"https:\/\/tatutrad.net\/fr\/aviso-legal\/\",\"url\":\"https:\/\/tatutrad.net\/fr\/aviso-legal\/\",\"name\":\"Aviso Legal - Tatutrad\",\"isPartOf\":{\"@id\":\"https:\/\/tatutrad.net\/fr\/#website\"},\"datePublished\":\"2023-12-03T10:24:52+00:00\",\"dateModified\":\"2025-03-26T11:39:55+00:00\",\"breadcrumb\":{\"@id\":\"https:\/\/tatutrad.net\/fr\/aviso-legal\/#breadcrumb\"},\"inLanguage\":\"fr-FR\",\"potentialAction\":[{\"@type\":\"ReadAction\",\"target\":[\"https:\/\/tatutrad.net\/fr\/aviso-legal\/\"]}]},{\"@type\":\"BreadcrumbList\",\"@id\":\"https:\/\/tatutrad.net\/fr\/aviso-legal\/#breadcrumb\",\"itemListElement\":[{\"@type\":\"ListItem\",\"position\":1,\"name\":\"Home\",\"item\":\"https:\/\/tatutrad.net\/fr\/\"},{\"@type\":\"ListItem\",\"position\":2,\"name\":\"Aviso Legal\"}]},{\"@type\":\"WebSite\",\"@id\":\"https:\/\/tatutrad.net\/fr\/#website\",\"url\":\"https:\/\/tatutrad.net\/fr\/\",\"name\":\"Tatutrad\",\"description\":\"Tatutrad. Traductores Profesionales en Sevilla.\",\"publisher\":{\"@id\":\"https:\/\/tatutrad.net\/fr\/#organization\"},\"potentialAction\":[{\"@type\":\"SearchAction\",\"target\":{\"@type\":\"EntryPoint\",\"urlTemplate\":\"https:\/\/tatutrad.net\/fr\/?s={search_term_string}\"},\"query-input\":{\"@type\":\"PropertyValueSpecification\",\"valueRequired\":true,\"valueName\":\"search_term_string\"}}],\"inLanguage\":\"fr-FR\"},{\"@type\":\"Organization\",\"@id\":\"https:\/\/tatutrad.net\/fr\/#organization\",\"name\":\"Tatutrad\",\"url\":\"https:\/\/tatutrad.net\/fr\/\",\"logo\":{\"@type\":\"ImageObject\",\"inLanguage\":\"fr-FR\",\"@id\":\"https:\/\/tatutrad.net\/fr\/#\/schema\/logo\/image\/\",\"url\":\"https:\/\/tatutrad.net\/wp-content\/uploads\/2023\/03\/main-logo@2x-1.png\",\"contentUrl\":\"https:\/\/tatutrad.net\/wp-content\/uploads\/2023\/03\/main-logo@2x-1.png\",\"width\":218,\"height\":261,\"caption\":\"Tatutrad\"},\"image\":{\"@id\":\"https:\/\/tatutrad.net\/fr\/#\/schema\/logo\/image\/\"}}]}<\/script>\n<!-- \/ Yoast SEO plugin. -->","yoast_head_json":{"title":"Aviso Legal - Tatutrad","robots":{"index":"noindex","follow":"nofollow"},"og_locale":"fr_FR","og_type":"article","og_title":"Aviso Legal - Tatutrad","og_description":"OBJETO: La presente p\u00e1gina Web ha sido dise\u00f1ada para dar a conocer los servicios ofertados por la entidad TATUTRAD, S.L. con CIF\/NIF: B91619882, Espa\u00f1a; e inscrita en Registro Mercantil\/Asociaciones de SEVILLA y sus datos registrales son: Tomo 4592, Folio 135, Secci\u00f3n , Hoja SE71970, Inscripci\u00f3n 1; as\u00ed como para la recepci\u00f3n de posibles solicitudes de [&hellip;]","og_url":"https:\/\/tatutrad.net\/fr\/aviso-legal\/","og_site_name":"Tatutrad","article_modified_time":"2025-03-26T11:39:55+00:00","og_image":[{"width":1200,"height":675,"url":"https:\/\/tatutrad.net\/wp-content\/uploads\/2024\/11\/TATUTRAD-communication-for-a-worldwide-reach-1200-675.jpg","type":"image\/jpeg"}],"twitter_card":"summary_large_image","twitter_misc":{"Dur\u00e9e de lecture estim\u00e9e":"7 minutes"},"schema":{"@context":"https:\/\/schema.org","@graph":[{"@type":"WebPage","@id":"https:\/\/tatutrad.net\/fr\/aviso-legal\/","url":"https:\/\/tatutrad.net\/fr\/aviso-legal\/","name":"Aviso Legal - Tatutrad","isPartOf":{"@id":"https:\/\/tatutrad.net\/fr\/#website"},"datePublished":"2023-12-03T10:24:52+00:00","dateModified":"2025-03-26T11:39:55+00:00","breadcrumb":{"@id":"https:\/\/tatutrad.net\/fr\/aviso-legal\/#breadcrumb"},"inLanguage":"fr-FR","potentialAction":[{"@type":"ReadAction","target":["https:\/\/tatutrad.net\/fr\/aviso-legal\/"]}]},{"@type":"BreadcrumbList","@id":"https:\/\/tatutrad.net\/fr\/aviso-legal\/#breadcrumb","itemListElement":[{"@type":"ListItem","position":1,"name":"Home","item":"https:\/\/tatutrad.net\/fr\/"},{"@type":"ListItem","position":2,"name":"Aviso Legal"}]},{"@type":"WebSite","@id":"https:\/\/tatutrad.net\/fr\/#website","url":"https:\/\/tatutrad.net\/fr\/","name":"Tatutrad","description":"Tatutrad. Traductores Profesionales en Sevilla.","publisher":{"@id":"https:\/\/tatutrad.net\/fr\/#organization"},"potentialAction":[{"@type":"SearchAction","target":{"@type":"EntryPoint","urlTemplate":"https:\/\/tatutrad.net\/fr\/?s={search_term_string}"},"query-input":{"@type":"PropertyValueSpecification","valueRequired":true,"valueName":"search_term_string"}}],"inLanguage":"fr-FR"},{"@type":"Organization","@id":"https:\/\/tatutrad.net\/fr\/#organization","name":"Tatutrad","url":"https:\/\/tatutrad.net\/fr\/","logo":{"@type":"ImageObject","inLanguage":"fr-FR","@id":"https:\/\/tatutrad.net\/fr\/#\/schema\/logo\/image\/","url":"https:\/\/tatutrad.net\/wp-content\/uploads\/2023\/03\/main-logo@2x-1.png","contentUrl":"https:\/\/tatutrad.net\/wp-content\/uploads\/2023\/03\/main-logo@2x-1.png","width":218,"height":261,"caption":"Tatutrad"},"image":{"@id":"https:\/\/tatutrad.net\/fr\/#\/schema\/logo\/image\/"}}]}},"uagb_featured_image_src":{"full":false,"thumbnail":false,"medium":false,"medium_large":false,"large":false,"1536x1536":false,"2048x2048":false,"et-pb-post-main-image":false,"et-pb-post-main-image-fullwidth":false,"et-pb-portfolio-image":false,"et-pb-portfolio-module-image":false,"et-pb-portfolio-image-single":false,"et-pb-gallery-module-image-portrait":false,"et-pb-post-main-image-fullwidth-large":false,"et-pb-image--responsive--desktop":false,"et-pb-image--responsive--tablet":false,"et-pb-image--responsive--phone":false},"uagb_author_info":{"display_name":"Rosario de Zayas","author_link":"https:\/\/tatutrad.net\/fr\/author\/rosario_tatutrad\/"},"uagb_comment_info":0,"uagb_excerpt":"OBJETO: La presente p\u00e1gina Web ha sido dise\u00f1ada para dar a conocer los servicios ofertados por la entidad TATUTRAD, S.L. con CIF\/NIF: B91619882, Espa\u00f1a; e inscrita en Registro Mercantil\/Asociaciones de SEVILLA y sus datos registrales son: Tomo 4592, Folio 135, Secci\u00f3n , Hoja SE71970, Inscripci\u00f3n 1; as\u00ed como para la recepci\u00f3n de posibles solicitudes de\u2026","_links":{"self":[{"href":"https:\/\/tatutrad.net\/fr\/wp-json\/wp\/v2\/pages\/8227","targetHints":{"allow":["GET"]}}],"collection":[{"href":"https:\/\/tatutrad.net\/fr\/wp-json\/wp\/v2\/pages"}],"about":[{"href":"https:\/\/tatutrad.net\/fr\/wp-json\/wp\/v2\/types\/page"}],"author":[{"embeddable":true,"href":"https:\/\/tatutrad.net\/fr\/wp-json\/wp\/v2\/users\/6"}],"replies":[{"embeddable":true,"href":"https:\/\/tatutrad.net\/fr\/wp-json\/wp\/v2\/comments?post=8227"}],"version-history":[{"count":3,"href":"https:\/\/tatutrad.net\/fr\/wp-json\/wp\/v2\/pages\/8227\/revisions"}],"predecessor-version":[{"id":8256,"href":"https:\/\/tatutrad.net\/fr\/wp-json\/wp\/v2\/pages\/8227\/revisions\/8256"}],"wp:attachment":[{"href":"https:\/\/tatutrad.net\/fr\/wp-json\/wp\/v2\/media?parent=8227"}],"curies":[{"name":"wp","href":"https:\/\/api.w.org\/{rel}","templated":true}]}}