{"id":7278,"date":"2023-03-27T07:53:23","date_gmt":"2023-03-27T07:53:23","guid":{"rendered":"http:\/\/tatutrad.openlock.es\/politica-de-cookies-fr-2"},"modified":"2023-03-27T07:53:23","modified_gmt":"2023-03-27T07:53:23","slug":"politica-de-cookies-fr-2","status":"publish","type":"page","link":"https:\/\/tatutrad.net\/fr\/politica-de-cookies-fr-2\/","title":{"rendered":"POL\u00cdTICA DE COOKIES fr"},"content":{"rendered":"<p>[et_pb_section fb_built=\u00a0\u00bb1&Prime; _builder_version=\u00a0\u00bb4.20.2&Prime; _module_preset=\u00a0\u00bbdefault\u00a0\u00bb max_width=\u00a0\u00bb1286px\u00a0\u00bb module_alignment=\u00a0\u00bbcenter\u00a0\u00bb custom_padding=\u00a0\u00bb0px||0px||false|false\u00a0\u00bb global_colors_info=\u00a0\u00bb{}\u00a0\u00bb][et_pb_row _builder_version=\u00a0\u00bb4.20.2&Prime; _module_preset=\u00a0\u00bbdefault\u00a0\u00bb width=\u00a0\u00bb100%\u00a0\u00bb module_alignment=\u00a0\u00bbcenter\u00a0\u00bb custom_padding=\u00a0\u00bb0px||0px||true|false\u00a0\u00bb global_colors_info=\u00a0\u00bb{}\u00a0\u00bb][et_pb_column type=\u00a0\u00bb4_4&Prime; _builder_version=\u00a0\u00bb4.20.2&Prime; _module_preset=\u00a0\u00bbdefault\u00a0\u00bb background_color=\u00a0\u00bbRGBA(255,255,255,0)\u00a0\u00bb global_colors_info=\u00a0\u00bb{}\u00a0\u00bb][et_pb_text _builder_version=\u00a0\u00bb4.20.2&Prime; _module_preset=\u00a0\u00bbdefault\u00a0\u00bb text_font=\u00a0\u00bbRoboto Slab||||||||\u00a0\u00bb text_text_color=\u00a0\u00bb#333333&Prime; text_font_size=\u00a0\u00bb28px\u00a0\u00bb text_line_height=\u00a0\u00bb34px\u00a0\u00bb width=\u00a0\u00bb30%\u00a0\u00bb module_alignment=\u00a0\u00bbright\u00a0\u00bb custom_margin=\u00a0\u00bb||7px||false|false\u00a0\u00bb global_colors_info=\u00a0\u00bb{}\u00a0\u00bb]<\/p>\n<p>Search<\/p>\n<p>[\/et_pb_text][et_pb_search placeholder=\u00a0\u00bbSearch..\u00a0\u00bb button_color=\u00a0\u00bb#129128&Prime; _builder_version=\u00a0\u00bb4.20.2&Prime; _module_preset=\u00a0\u00bbdefault\u00a0\u00bb form_field_background_color=\u00a0\u00bb#FFFFFF\u00a0\u00bb button_font=\u00a0\u00bbRoboto Slab||||||||\u00a0\u00bb button_text_color=\u00a0\u00bb#FFFFFF\u00a0\u00bb button_font_size=\u00a0\u00bb16px\u00a0\u00bb form_field_font=\u00a0\u00bbRoboto||||||||\u00a0\u00bb form_field_font_size=\u00a0\u00bb16px\u00a0\u00bb width=\u00a0\u00bb30%\u00a0\u00bb module_alignment=\u00a0\u00bbright\u00a0\u00bb global_colors_info=\u00a0\u00bb{}\u00a0\u00bb][\/et_pb_search][\/et_pb_column][\/et_pb_row][\/et_pb_section][et_pb_section fb_built=\u00a0\u00bb1&Prime; _builder_version=\u00a0\u00bb4.20.2&Prime; _module_preset=\u00a0\u00bbdefault\u00a0\u00bb max_width=\u00a0\u00bb1286px\u00a0\u00bb module_alignment=\u00a0\u00bbcenter\u00a0\u00bb global_colors_info=\u00a0\u00bb{}\u00a0\u00bb][et_pb_row column_structure=\u00a0\u00bb2_3,1_3&Prime; custom_padding_last_edited=\u00a0\u00bbon|tablet\u00a0\u00bb _builder_version=\u00a0\u00bb4.20.2&Prime; _module_preset=\u00a0\u00bbdefault\u00a0\u00bb width=\u00a0\u00bb100%\u00a0\u00bb custom_padding_tablet=\u00a0\u00bb|30px||30px|false|true\u00a0\u00bb custom_padding_phone=\u00a0\u00bb|30px||30px|false|true\u00a0\u00bb global_colors_info=\u00a0\u00bb{}\u00a0\u00bb][et_pb_column type=\u00a0\u00bb2_3&Prime; _builder_version=\u00a0\u00bb4.20.2&Prime; _module_preset=\u00a0\u00bbdefault\u00a0\u00bb global_colors_info=\u00a0\u00bb{}\u00a0\u00bb][et_pb_text _builder_version=\u00a0\u00bb4.20.2&Prime; _module_preset=\u00a0\u00bbdefault\u00a0\u00bb header_font=\u00a0\u00bbRoboto Slab|100|||||||\u00a0\u00bb header_text_align=\u00a0\u00bbcenter\u00a0\u00bb header_text_color=\u00a0\u00bb#139129&Prime; header_font_size=\u00a0\u00bb48px\u00a0\u00bb header_line_height=\u00a0\u00bb58px\u00a0\u00bb locked=\u00a0\u00bboff\u00a0\u00bb global_colors_info=\u00a0\u00bb{}\u00a0\u00bb text_font_size=\u00a0\u00bb48px\u00a0\u00bb text_line_height=\u00a0\u00bb58px\u00a0\u00bb text_text_color=\u00a0\u00bb#129128&Prime; text_font=\u00a0\u00bbRoboto Slab||||||||\u00a0\u00bb custom_css_main_element=\u00a0\u00bbfont-weight:100;\u00a0\u00bb text_orientation=\u00a0\u00bbcenter\u00a0\u00bb hover_enabled=\u00a0\u00bb0&Prime; sticky_enabled=\u00a0\u00bb0&Prime; custom_margin=\u00a0\u00bb||10px||false|false\u00a0\u00bb]<\/p>\n<p>POL\u00cdTICA DE COOKIES<\/p>\n<p>[\/et_pb_text][et_pb_text _builder_version=\u00a0\u00bb4.20.2&Prime; _module_preset=\u00a0\u00bbdefault\u00a0\u00bb text_font=\u00a0\u00bbRoboto|500|||||||\u00a0\u00bb text_text_color=\u00a0\u00bb#000000&Prime; text_font_size=\u00a0\u00bb16px\u00a0\u00bb text_line_height=\u00a0\u00bb21px\u00a0\u00bb header_3_font=\u00a0\u00bbRoboto Slab||||||||\u00a0\u00bb header_3_font_size=\u00a0\u00bb28px\u00a0\u00bb header_3_line_height=\u00a0\u00bb34px\u00a0\u00bb hover_enabled=\u00a0\u00bb0&Prime; custom_css_main_element=\u00a0\u00bbfont-weight:400 !important;\u00a0\u00bb locked=\u00a0\u00bboff\u00a0\u00bb global_colors_info=\u00a0\u00bb{}\u00a0\u00bb sticky_enabled=\u00a0\u00bb0&Prime;]<\/p>\n<p>TATUTRAD comunica a los usuarios, a trav\u00e9s de este aviso, que puede utilizar cookies cuando el usuario navega por las diferentes pantallas y p\u00e1ginas del sitio.<\/p>\n<p>Durante el uso de nuestra p\u00e1gina Web usted acepta y autoriza expresamente el uso de cookies, de acuerdo con nuestra Pol\u00edtica de Privacidad.<\/p>\n<p><span style=\"color: #333333;\"><strong>\u00bfQu\u00e9 son las cookies?<\/strong><\/span><\/p>\n<p>Una cookie es un archivo de texto muy peque\u00f1o que un servidor Web puede guardar en el navegador de un equipo para almacenar alg\u00fan tipo de informaci\u00f3n sobre el usuario. La cookie identifica el equipo de forma \u00fanica, y s\u00f3lo puede ser le\u00edda por el sitio Web que lo envi\u00f3 al equipo.<\/p>\n<p>Una cookie no es un archivo ejecutable ni un programa y por lo tanto no puede propagar o contener un virus u otro software malicioso, ni puede tener una longitud superior a 4.000 caracteres.<\/p>\n<p><span style=\"color: #333333;\"><strong>\u00bfPara qu\u00e9 sirven las cookies?<\/strong><\/span><\/p>\n<p>La utilizaci\u00f3n de las cookies tiene como finalidad recordar las preferencias del usuario (idioma, pa\u00eds, inicio de sesi\u00f3n, caracter\u00edsticas de su navegador, informaci\u00f3n de uso de nuestra Web, etc.)<\/p>\n<p>Recordando sus preferencias no tendremos que, por ejemplo, preguntarle por su pa\u00eds cada vez que visite nuestra Web. Sabremos las caracter\u00edsticas Sistema Operativo y el navegador del dispositivo que se est\u00e1 usando y as\u00ed podremos ofrecerle una mejor experiencia de navegaci\u00f3n.<\/p>\n<p>Las cookies pueden ayudar a nuestro sitio Web a distinguir el navegador del usuario como visitante anterior y as\u00ed guardar y recordar las preferencias que puedan haberse establecido mientras el usuario estaba navegando por el sitio, personalizar las p\u00e1ginas de inicio, identificar qu\u00e9 sectores de un sitio han sido visitados o mantener un registro de selecciones en un \u201ccarro de compra\u201d entre otros.<\/p>\n<p>TATUTRAD puede utilizar las cookies con el objeto de reconocer a los usuarios que hayan accedido a nuestro sitio web y poder ofrecerles un mejor servicio y m\u00e1s personalizado. Asimismo, pueden ser utilizadas para obtener informaci\u00f3n acerca de la fecha y hora de la \u00faltima visita del usuario, medir algunos par\u00e1metros de tr\u00e1fico dentro del propio site y estimar el n\u00famero de visitas realizadas, de manera que TATUTRAD pueda enfocar y ajustar los servicios y promociones de forma m\u00e1s efectiva.<\/p>\n<p>Normalmente los sitios Web utilizan las cookies para obtener informaci\u00f3n estad\u00edstica sobre sus p\u00e1ginas Web. Tenga en cuenta que recogemos datos sobre sus movimientos y uso de nuestra Web como datos estad\u00edsticos, no personales.<\/p>\n<p>&nbsp;<\/p>\n<h3>Tipos de cookies<\/h3>\n<p>Las cookies se pueden clasificar en funci\u00f3n a la entidad que las gestione, el tiempo que \u00e9stas permanecen activas o seg\u00fan su finalidad. En algunas ocasiones podremos comprobar que una misma cookie puede estar incluida dentro de m\u00e1s de una categor\u00eda.<\/p>\n<p><span style=\"color: #333333;\"><strong>En funci\u00f3n a su propiedad<\/strong><\/span><\/p>\n<p>* Cookies propias: Son aquellas que se env\u00edan al equipo del usuario desde un equipo o dominio gestionado por TATUTRAD, S.L. Cookies de terceros: Son aqu\u00e9llas que se env\u00edan al equipo terminal del usuario desde un equipo o dominio que no es gestionado por el editor, sino por otra entidad que trata los datos obtenidos trav\u00e9s de las cookies.<\/p>\n<p><span style=\"color: #333333;\"><strong>En funci\u00f3n a su tiempo de vida<\/strong><\/span><\/p>\n<p>* Cookies de sesi\u00f3n: Son aquellas que recaban datos mientras que el usuario est\u00e1 navegando por la p\u00e1gina web.<\/p>\n<p>* Cookies persistentes: Son aquellas en las que los datos siguen almacenados en el terminal y pueden ser accedidos y tratados durante un periodo definido por el responsable de la cookie, y que puede ir de unos minutos a varios a\u00f1os.<\/p>\n<p><span style=\"color: #333333;\"><strong>En funci\u00f3n a su finalidad<\/strong><\/span><\/p>\n<p>* Cookies t\u00e9cnicas: Son aquellas que se usan de forma internas y que son necesarias para el funcionamiento de la web.<\/p>\n<p>* Cookies anal\u00edticas: Son aquellas que permiten recabar informaci\u00f3n estad\u00edstica sobre la actividad de los usuarios. Dicha informaci\u00f3n se recopila de forma an\u00f3nima y permite optimizar la navegaci\u00f3n por la nuestra web con el fin de garantizar un mejor servicio al usuario.<\/p>\n<p>* Cookies de personalizaci\u00f3n: Son aquellas que permiten al usuario acceder al servicio con algunas caracter\u00edsticas de car\u00e1cter general predefinidas en funci\u00f3n de una serie de criterios en el terminal del usuario como por ejemplo serian el idioma, el tipo de navegador a trav\u00e9s del cual accede al servicio, la configuraci\u00f3n regional desde donde accede al servicio, etc.<\/p>\n<p>* Cookies publicitarias: Son aqu\u00e9llas que permiten la gesti\u00f3n, de la forma m\u00e1s eficaz posible, de los espacios publicitarios que, en su caso, el editor haya incluido en una p\u00e1gina web, aplicaci\u00f3n o plataforma desde la que presta el servicio solicitado en base a criterios como el contenido editado o la frecuencia en la que se muestran los anuncios.<\/p>\n<p>Cookies de publicidad: Son aqu\u00e9llas que permiten la gesti\u00f3n, de la forma m\u00e1s eficaz posible, de los espacios publicitarios que, en su caso, el editor haya incluido en una p\u00e1gina web, aplicaci\u00f3n o plataforma desde la que presta el servicio solicitado. Estas cookies almacenan informaci\u00f3n del de los usuarios obtenida a trav\u00e9s de la observaci\u00f3n continuada de sus h\u00e1bitos de navegaci\u00f3n, lo que permite desarrollar un perfil espec\u00edfico para mostrar publicidad en funci\u00f3n del mismo.<\/p>\n<p><span style=\"color: #333333;\"><strong>Finalidades de las cookies.<\/strong><\/span><\/p>\n<p>A continuaci\u00f3n, se presenta una lista de las cookies que puede encontrar en nuestro sitio Web y una breve descripci\u00f3n de su finalidad. Le aseguramos que ninguna de ellas conserva informaci\u00f3n de identificaci\u00f3n personal sobre usted. Algunas cookies personalizan su visita, otras recuerdan sus preferencias, mientras que otras solo nos proveen estad\u00edsticas de los visitantes.<\/p>\n<p><span style=\"color: #333333;\"><strong>Salvaguardias de protecci\u00f3n.<\/strong><\/span><\/p>\n<p>El usuario puede configurar su navegador para aceptar, o no, las cookies que recibe o para que el navegador le avise cuando un servidor quiera guardar una cookie o borrarlas de su ordenador. Puede encontrar las instrucciones en la configuraci\u00f3n de seguridad en su navegador Web.<\/p>\n<p>Ejemplos:<\/p>\n<p>* Si utiliza Microsoft Internet Explorer, en la opci\u00f3n de men\u00fa Herramientas &gt; Opciones de Internet &gt; Privacidad &gt; Configuraci\u00f3n.<br \/>* Si utiliza Firefox, en la opci\u00f3n de men\u00fa Herramientas &gt; Opciones &gt; Privacidad &gt; Cookies.<br \/>* Si utiliza Google Chrome, en la opci\u00f3n de men\u00fa Configuraci\u00f3n &gt; Privacidad.<br \/>* Si utiliza Safari, en la opci\u00f3n de men\u00fa Preferencias &gt; Seguridad.<br \/>* Si utiliza \u00d3pera &gt; Configuraci\u00f3n &gt; Eliminar informaci\u00f3n personal.<br \/>* Si utiliza un explorador nativo de su terminal m\u00f3vil, Ajustes &gt; Borrar datos o Privacidad y Seguridad*<br \/>*Puede diferir en funci\u00f3n al modelo de versi\u00f3n del sistema operativo<\/p>\n<p>Puede hacer uso de la secci\u00f3n \u201cAyuda\u201d que encontrar\u00e1 en la barra de herramientas de la mayor\u00eda de navegadores para cambiar los ajustes de su ordenador, sin embargo, algunas de las caracter\u00edsticas de nuestros servicios online pueden no funcionar o pueden resultar m\u00e1s complicadas de acceder si rechaza todas las cookies.<\/p>\n<p>Muchos navegadores permiten activar un modo privado mediante el cual las cookies se borran siempre despu\u00e9s de su visita. Dependiendo de cada navegador, este modo privado puede tener diferentes nombres, abajo puede encontrar una lista de los navegadores m\u00e1s comunes y los diferentes nombres de este \u201cmodo privado\u201d:<\/p>\n<p>\u2013 Internet Explorer 8 y superior: InPrivate<br \/>\u2013 FireFox 3.5 y superior: Navegaci\u00f3n Privada<br \/>\u2013 Google Chrome 10 y superior: Inc\u00f3gnito<br \/>\u2013 Safari 2 y superior: Navegaci\u00f3n Privada<br \/>\u2013 Opera 10.5 y superior: Navegaci\u00f3n Privada<br \/>\u2013 Navegador: Pesta\u00f1a de inc\u00f3gnito<\/p>\n<p>Por favor, lea atentamente la secci\u00f3n de ayuda de su navegador para conocer m\u00e1s acerca de c\u00f3mo activar el \u201cmodo privado\u201d. Podr\u00e1 seguir visitando nuestra<\/p>\n<p>Web aunque su navegador est\u00e9 en \u201cmodo privado\u201d, no obstante, la experiencia de usuario puede no ser \u00f3ptima y algunas utilidades pueden no funcionar.<\/p>\n<p>Adem\u00e1s, tambi\u00e9n puede gestionar el almac\u00e9n de cookies en su navegador a trav\u00e9s de herramientas como las siguientes: * Ghostery: www.ghostery.com\/ * Your online choices: www.youronlinechoices.com\/es\/<\/p>\n<p>TATUTRAD le agradece que active la aceptaci\u00f3n de cookies, esto nos ayuda a obtener datos m\u00e1s precisos que nos permiten mejorar el contenido y el dise\u00f1o de nuestra p\u00e1gina Web para adaptarlo a sus preferencias.<\/p>\n<p>[\/et_pb_text][\/et_pb_column][et_pb_column type=\u00a0\u00bb1_3&Prime; _builder_version=\u00a0\u00bb4.20.2&Prime; _module_preset=\u00a0\u00bbdefault\u00a0\u00bb global_colors_info=\u00a0\u00bb{}\u00a0\u00bb][et_pb_sidebar _builder_version=\u00a0\u00bb4.20.2&Prime; _module_preset=\u00a0\u00bbdefault\u00a0\u00bb global_colors_info=\u00a0\u00bb{}\u00a0\u00bb][\/et_pb_sidebar][\/et_pb_column][\/et_pb_row][\/et_pb_section]<\/p>\n","protected":false},"excerpt":{"rendered":"<p>SearchPOL\u00cdTICA DE COOKIESTATUTRAD comunica a los usuarios, a trav\u00e9s de este aviso, que puede utilizar cookies cuando el usuario navega por las diferentes pantallas y p\u00e1ginas del sitio. Durante el uso de nuestra p\u00e1gina Web usted acepta y autoriza expresamente el uso de cookies, de acuerdo con nuestra Pol\u00edtica de Privacidad. \u00bfQu\u00e9 son las cookies? [&hellip;]<\/p>\n","protected":false},"author":6,"featured_media":0,"parent":0,"menu_order":0,"comment_status":"closed","ping_status":"closed","template":"","meta":{"_et_pb_use_builder":"on","_et_pb_old_content":"","_et_gb_content_width":"","_uag_custom_page_level_css":"","_monsterinsights_skip_tracking":false,"_monsterinsights_sitenote_active":false,"_monsterinsights_sitenote_note":"","_monsterinsights_sitenote_category":0,"_uf_show_specific_survey":0,"_uf_disable_surveys":false,"footnotes":""},"class_list":["post-7278","page","type-page","status-publish","hentry"],"yoast_head":"<!-- This site is optimized with the Yoast SEO plugin v24.8.1 - https:\/\/yoast.com\/wordpress\/plugins\/seo\/ -->\n<title>POL\u00cdTICA DE COOKIES fr - Tatutrad<\/title>\n<meta name=\"robots\" content=\"index, follow, max-snippet:-1, max-image-preview:large, max-video-preview:-1\" \/>\n<link rel=\"canonical\" href=\"https:\/\/tatutrad.net\/fr\/politica-de-cookies-fr-2\/\" \/>\n<meta property=\"og:locale\" content=\"fr_FR\" \/>\n<meta property=\"og:type\" content=\"article\" \/>\n<meta property=\"og:title\" content=\"POL\u00cdTICA DE COOKIES fr - Tatutrad\" \/>\n<meta property=\"og:description\" content=\"SearchPOL\u00cdTICA DE COOKIESTATUTRAD comunica a los usuarios, a trav\u00e9s de este aviso, que puede utilizar cookies cuando el usuario navega por las diferentes pantallas y p\u00e1ginas del sitio. Durante el uso de nuestra p\u00e1gina Web usted acepta y autoriza expresamente el uso de cookies, de acuerdo con nuestra Pol\u00edtica de Privacidad. \u00bfQu\u00e9 son las cookies? [&hellip;]\" \/>\n<meta property=\"og:url\" content=\"https:\/\/tatutrad.net\/fr\/politica-de-cookies-fr-2\/\" \/>\n<meta property=\"og:site_name\" content=\"Tatutrad\" \/>\n<meta property=\"og:image\" content=\"https:\/\/tatutrad.net\/wp-content\/uploads\/2024\/11\/TATUTRAD-communication-for-a-worldwide-reach-1200-675.jpg\" \/>\n\t<meta property=\"og:image:width\" content=\"1200\" \/>\n\t<meta property=\"og:image:height\" content=\"675\" \/>\n\t<meta property=\"og:image:type\" content=\"image\/jpeg\" \/>\n<meta name=\"twitter:card\" content=\"summary_large_image\" \/>\n<meta name=\"twitter:label1\" content=\"Dur\u00e9e de lecture estim\u00e9e\" \/>\n\t<meta name=\"twitter:data1\" content=\"9 minutes\" \/>\n<script type=\"application\/ld+json\" class=\"yoast-schema-graph\">{\"@context\":\"https:\/\/schema.org\",\"@graph\":[{\"@type\":\"WebPage\",\"@id\":\"https:\/\/tatutrad.net\/fr\/politica-de-cookies-fr-2\/\",\"url\":\"https:\/\/tatutrad.net\/fr\/politica-de-cookies-fr-2\/\",\"name\":\"POL\u00cdTICA DE COOKIES fr - Tatutrad\",\"isPartOf\":{\"@id\":\"https:\/\/tatutrad.net\/fr\/#website\"},\"datePublished\":\"2023-03-27T07:53:23+00:00\",\"breadcrumb\":{\"@id\":\"https:\/\/tatutrad.net\/fr\/politica-de-cookies-fr-2\/#breadcrumb\"},\"inLanguage\":\"fr-FR\",\"potentialAction\":[{\"@type\":\"ReadAction\",\"target\":[\"https:\/\/tatutrad.net\/fr\/politica-de-cookies-fr-2\/\"]}]},{\"@type\":\"BreadcrumbList\",\"@id\":\"https:\/\/tatutrad.net\/fr\/politica-de-cookies-fr-2\/#breadcrumb\",\"itemListElement\":[{\"@type\":\"ListItem\",\"position\":1,\"name\":\"Home\",\"item\":\"https:\/\/tatutrad.net\/fr\/\"},{\"@type\":\"ListItem\",\"position\":2,\"name\":\"POL\u00cdTICA DE COOKIES fr\"}]},{\"@type\":\"WebSite\",\"@id\":\"https:\/\/tatutrad.net\/fr\/#website\",\"url\":\"https:\/\/tatutrad.net\/fr\/\",\"name\":\"Tatutrad\",\"description\":\"Tatutrad. Traductores Profesionales en Sevilla.\",\"publisher\":{\"@id\":\"https:\/\/tatutrad.net\/fr\/#organization\"},\"potentialAction\":[{\"@type\":\"SearchAction\",\"target\":{\"@type\":\"EntryPoint\",\"urlTemplate\":\"https:\/\/tatutrad.net\/fr\/?s={search_term_string}\"},\"query-input\":{\"@type\":\"PropertyValueSpecification\",\"valueRequired\":true,\"valueName\":\"search_term_string\"}}],\"inLanguage\":\"fr-FR\"},{\"@type\":\"Organization\",\"@id\":\"https:\/\/tatutrad.net\/fr\/#organization\",\"name\":\"Tatutrad\",\"url\":\"https:\/\/tatutrad.net\/fr\/\",\"logo\":{\"@type\":\"ImageObject\",\"inLanguage\":\"fr-FR\",\"@id\":\"https:\/\/tatutrad.net\/fr\/#\/schema\/logo\/image\/\",\"url\":\"https:\/\/tatutrad.net\/wp-content\/uploads\/2023\/03\/main-logo@2x-1.png\",\"contentUrl\":\"https:\/\/tatutrad.net\/wp-content\/uploads\/2023\/03\/main-logo@2x-1.png\",\"width\":218,\"height\":261,\"caption\":\"Tatutrad\"},\"image\":{\"@id\":\"https:\/\/tatutrad.net\/fr\/#\/schema\/logo\/image\/\"}}]}<\/script>\n<!-- \/ Yoast SEO plugin. -->","yoast_head_json":{"title":"POL\u00cdTICA DE COOKIES fr - Tatutrad","robots":{"index":"index","follow":"follow","max-snippet":"max-snippet:-1","max-image-preview":"max-image-preview:large","max-video-preview":"max-video-preview:-1"},"canonical":"https:\/\/tatutrad.net\/fr\/politica-de-cookies-fr-2\/","og_locale":"fr_FR","og_type":"article","og_title":"POL\u00cdTICA DE COOKIES fr - Tatutrad","og_description":"SearchPOL\u00cdTICA DE COOKIESTATUTRAD comunica a los usuarios, a trav\u00e9s de este aviso, que puede utilizar cookies cuando el usuario navega por las diferentes pantallas y p\u00e1ginas del sitio. Durante el uso de nuestra p\u00e1gina Web usted acepta y autoriza expresamente el uso de cookies, de acuerdo con nuestra Pol\u00edtica de Privacidad. \u00bfQu\u00e9 son las cookies? [&hellip;]","og_url":"https:\/\/tatutrad.net\/fr\/politica-de-cookies-fr-2\/","og_site_name":"Tatutrad","og_image":[{"width":1200,"height":675,"url":"https:\/\/tatutrad.net\/wp-content\/uploads\/2024\/11\/TATUTRAD-communication-for-a-worldwide-reach-1200-675.jpg","type":"image\/jpeg"}],"twitter_card":"summary_large_image","twitter_misc":{"Dur\u00e9e de lecture estim\u00e9e":"9 minutes"},"schema":{"@context":"https:\/\/schema.org","@graph":[{"@type":"WebPage","@id":"https:\/\/tatutrad.net\/fr\/politica-de-cookies-fr-2\/","url":"https:\/\/tatutrad.net\/fr\/politica-de-cookies-fr-2\/","name":"POL\u00cdTICA DE COOKIES fr - Tatutrad","isPartOf":{"@id":"https:\/\/tatutrad.net\/fr\/#website"},"datePublished":"2023-03-27T07:53:23+00:00","breadcrumb":{"@id":"https:\/\/tatutrad.net\/fr\/politica-de-cookies-fr-2\/#breadcrumb"},"inLanguage":"fr-FR","potentialAction":[{"@type":"ReadAction","target":["https:\/\/tatutrad.net\/fr\/politica-de-cookies-fr-2\/"]}]},{"@type":"BreadcrumbList","@id":"https:\/\/tatutrad.net\/fr\/politica-de-cookies-fr-2\/#breadcrumb","itemListElement":[{"@type":"ListItem","position":1,"name":"Home","item":"https:\/\/tatutrad.net\/fr\/"},{"@type":"ListItem","position":2,"name":"POL\u00cdTICA DE COOKIES fr"}]},{"@type":"WebSite","@id":"https:\/\/tatutrad.net\/fr\/#website","url":"https:\/\/tatutrad.net\/fr\/","name":"Tatutrad","description":"Tatutrad. Traductores Profesionales en Sevilla.","publisher":{"@id":"https:\/\/tatutrad.net\/fr\/#organization"},"potentialAction":[{"@type":"SearchAction","target":{"@type":"EntryPoint","urlTemplate":"https:\/\/tatutrad.net\/fr\/?s={search_term_string}"},"query-input":{"@type":"PropertyValueSpecification","valueRequired":true,"valueName":"search_term_string"}}],"inLanguage":"fr-FR"},{"@type":"Organization","@id":"https:\/\/tatutrad.net\/fr\/#organization","name":"Tatutrad","url":"https:\/\/tatutrad.net\/fr\/","logo":{"@type":"ImageObject","inLanguage":"fr-FR","@id":"https:\/\/tatutrad.net\/fr\/#\/schema\/logo\/image\/","url":"https:\/\/tatutrad.net\/wp-content\/uploads\/2023\/03\/main-logo@2x-1.png","contentUrl":"https:\/\/tatutrad.net\/wp-content\/uploads\/2023\/03\/main-logo@2x-1.png","width":218,"height":261,"caption":"Tatutrad"},"image":{"@id":"https:\/\/tatutrad.net\/fr\/#\/schema\/logo\/image\/"}}]}},"uagb_featured_image_src":{"full":false,"thumbnail":false,"medium":false,"medium_large":false,"large":false,"1536x1536":false,"2048x2048":false,"et-pb-post-main-image":false,"et-pb-post-main-image-fullwidth":false,"et-pb-portfolio-image":false,"et-pb-portfolio-module-image":false,"et-pb-portfolio-image-single":false,"et-pb-gallery-module-image-portrait":false,"et-pb-post-main-image-fullwidth-large":false,"et-pb-image--responsive--desktop":false,"et-pb-image--responsive--tablet":false,"et-pb-image--responsive--phone":false},"uagb_author_info":{"display_name":"Rosario de Zayas","author_link":"https:\/\/tatutrad.net\/fr\/author\/rosario_tatutrad\/"},"uagb_comment_info":0,"uagb_excerpt":"SearchPOL\u00cdTICA DE COOKIESTATUTRAD comunica a los usuarios, a trav\u00e9s de este aviso, que puede utilizar cookies cuando el usuario navega por las diferentes pantallas y p\u00e1ginas del sitio. Durante el uso de nuestra p\u00e1gina Web usted acepta y autoriza expresamente el uso de cookies, de acuerdo con nuestra Pol\u00edtica de Privacidad. \u00bfQu\u00e9 son las cookies?\u2026","_links":{"self":[{"href":"https:\/\/tatutrad.net\/fr\/wp-json\/wp\/v2\/pages\/7278","targetHints":{"allow":["GET"]}}],"collection":[{"href":"https:\/\/tatutrad.net\/fr\/wp-json\/wp\/v2\/pages"}],"about":[{"href":"https:\/\/tatutrad.net\/fr\/wp-json\/wp\/v2\/types\/page"}],"author":[{"embeddable":true,"href":"https:\/\/tatutrad.net\/fr\/wp-json\/wp\/v2\/users\/6"}],"replies":[{"embeddable":true,"href":"https:\/\/tatutrad.net\/fr\/wp-json\/wp\/v2\/comments?post=7278"}],"version-history":[{"count":0,"href":"https:\/\/tatutrad.net\/fr\/wp-json\/wp\/v2\/pages\/7278\/revisions"}],"wp:attachment":[{"href":"https:\/\/tatutrad.net\/fr\/wp-json\/wp\/v2\/media?parent=7278"}],"curies":[{"name":"wp","href":"https:\/\/api.w.org\/{rel}","templated":true}]}}