{"id":7272,"date":"2023-04-05T08:02:34","date_gmt":"2023-04-05T06:02:34","guid":{"rendered":"http:\/\/tatutrad.openlock.es\/entradas-recientes-fr"},"modified":"2023-04-05T08:02:34","modified_gmt":"2023-04-05T08:02:34","slug":"entradas-recientes-fr","status":"publish","type":"page","link":"https:\/\/tatutrad.net\/fr\/entradas-recientes-fr\/","title":{"rendered":"Entradas recientes fr"},"content":{"rendered":"<p>[et_pb_section fb_built=\u00a0\u00bb1&Prime; _builder_version=\u00a0\u00bb4.20.2&Prime; _module_preset=\u00a0\u00bbdefault\u00a0\u00bb max_width=\u00a0\u00bb1286px\u00a0\u00bb module_alignment=\u00a0\u00bbcenter\u00a0\u00bb global_colors_info=\u00a0\u00bb{}\u00a0\u00bb][et_pb_row _builder_version=\u00a0\u00bb4.20.2&Prime; _module_preset=\u00a0\u00bbdefault\u00a0\u00bb width=\u00a0\u00bb96%\u00a0\u00bb module_alignment=\u00a0\u00bbcenter\u00a0\u00bb custom_margin=\u00a0\u00bb||0px||false|false\u00a0\u00bb custom_padding=\u00a0\u00bb||0px||false|false\u00a0\u00bb global_colors_info=\u00a0\u00bb{}\u00a0\u00bb][et_pb_column type=\u00a0\u00bb4_4&Prime; _builder_version=\u00a0\u00bb4.20.2&Prime; _module_preset=\u00a0\u00bbdefault\u00a0\u00bb global_colors_info=\u00a0\u00bb{}\u00a0\u00bb][et_pb_text _builder_version=\u00a0\u00bb4.20.2&Prime; _module_preset=\u00a0\u00bbdefault\u00a0\u00bb text_font=\u00a0\u00bbRoboto Slab||||||||\u00a0\u00bb text_text_color=\u00a0\u00bb#139129&Prime; text_font_size=\u00a0\u00bb48px\u00a0\u00bb text_line_height=\u00a0\u00bb58px\u00a0\u00bb custom_css_main_element=\u00a0\u00bbfont-weight:100;\u00a0\u00bb global_colors_info=\u00a0\u00bb{}\u00a0\u00bb]<\/p>\n<p style=\"text-align: center;\">Entradas recientes<\/p>\n<p>[\/et_pb_text][\/et_pb_column][\/et_pb_row][et_pb_row _builder_version=\u00a0\u00bb4.20.2&Prime; _module_preset=\u00a0\u00bbdefault\u00a0\u00bb width=\u00a0\u00bb96%\u00a0\u00bb module_alignment=\u00a0\u00bbcenter\u00a0\u00bb custom_margin=\u00a0\u00bb||0px||false|false\u00a0\u00bb custom_padding=\u00a0\u00bb||0px||false|false\u00a0\u00bb global_colors_info=\u00a0\u00bb{}\u00a0\u00bb][et_pb_column type=\u00a0\u00bb4_4&Prime; _builder_version=\u00a0\u00bb4.20.2&Prime; _module_preset=\u00a0\u00bbdefault\u00a0\u00bb global_colors_info=\u00a0\u00bb{}\u00a0\u00bb][et_pb_text _builder_version=\u00a0\u00bb4.20.2&Prime; _module_preset=\u00a0\u00bbdefault\u00a0\u00bb text_font=\u00a0\u00bbRoboto||||||||\u00a0\u00bb text_text_color=\u00a0\u00bb#129128&Prime; text_font_size=\u00a0\u00bb16px\u00a0\u00bb text_line_height=\u00a0\u00bb24px\u00a0\u00bb ul_text_color=\u00a0\u00bb#000000&Prime; ol_text_color=\u00a0\u00bb#0076C0&Prime; hover_enabled=\u00a0\u00bb0&Prime; custom_css_main_element=\u00a0\u00bbfont-weight:400;\u00a0\u00bb global_colors_info=\u00a0\u00bb{}\u00a0\u00bb sticky_enabled=\u00a0\u00bb0&Prime;]<\/p>\n<ul>\n<li><span style=\"color: #339966;\">Origen del idioma ingl\u00e9s<\/span><\/li>\n<li><span style=\"color: #339966;\">T\u00e9cnicas de traducci\u00f3n<\/span><\/li>\n<li><span style=\"color: #339966;\">Origen del idioma franc\u00e9s<\/span><\/li>\n<li><span style=\"color: #339966;\">La traducci\u00f3n de guiones<\/span><\/li>\n<li><span style=\"color: #339966;\">cinematogr\u00e1ficos<\/span><\/li>\n<li><span style=\"color: #339966;\">\u00bfQu\u00e9 es la piedra de Rosetta?<\/span><\/li>\n<\/ul>\n<p>[\/et_pb_text][\/et_pb_column][\/et_pb_row][et_pb_row _builder_version=\u00a0\u00bb4.20.2&Prime; _module_preset=\u00a0\u00bbdefault\u00a0\u00bb width=\u00a0\u00bb96%\u00a0\u00bb module_alignment=\u00a0\u00bbcenter\u00a0\u00bb custom_margin=\u00a0\u00bb||0px||false|false\u00a0\u00bb custom_padding=\u00a0\u00bb0px||0px||false|false\u00a0\u00bb locked=\u00a0\u00bboff\u00a0\u00bb global_colors_info=\u00a0\u00bb{}\u00a0\u00bb][et_pb_column type=\u00a0\u00bb4_4&Prime; _builder_version=\u00a0\u00bb4.20.2&Prime; _module_preset=\u00a0\u00bbdefault\u00a0\u00bb global_colors_info=\u00a0\u00bb{}\u00a0\u00bb][et_pb_text _builder_version=\u00a0\u00bb4.20.2&Prime; _module_preset=\u00a0\u00bbdefault\u00a0\u00bb text_font=\u00a0\u00bbRoboto Slab||||||||\u00a0\u00bb text_text_color=\u00a0\u00bb#139129&Prime; text_font_size=\u00a0\u00bb48px\u00a0\u00bb text_line_height=\u00a0\u00bb58px\u00a0\u00bb custom_css_main_element=\u00a0\u00bbfont-weight:100;\u00a0\u00bb global_colors_info=\u00a0\u00bb{}\u00a0\u00bb]<\/p>\n<p style=\"text-align: center;\">Categor\u00edas m\u00e1s usadas<\/p>\n<p>[\/et_pb_text][\/et_pb_column][\/et_pb_row][et_pb_row _builder_version=\u00a0\u00bb4.20.2&Prime; _module_preset=\u00a0\u00bbdefault\u00a0\u00bb width=\u00a0\u00bb96%\u00a0\u00bb module_alignment=\u00a0\u00bbcenter\u00a0\u00bb locked=\u00a0\u00bboff\u00a0\u00bb global_colors_info=\u00a0\u00bb{}\u00a0\u00bb][et_pb_column type=\u00a0\u00bb4_4&Prime; _builder_version=\u00a0\u00bb4.20.2&Prime; _module_preset=\u00a0\u00bbdefault\u00a0\u00bb global_colors_info=\u00a0\u00bb{}\u00a0\u00bb][et_pb_text _builder_version=\u00a0\u00bb4.20.2&Prime; _module_preset=\u00a0\u00bbdefault\u00a0\u00bb text_font=\u00a0\u00bbRoboto||||||||\u00a0\u00bb text_text_color=\u00a0\u00bb#129128&Prime; text_font_size=\u00a0\u00bb16px\u00a0\u00bb text_line_height=\u00a0\u00bb24px\u00a0\u00bb ul_text_color=\u00a0\u00bb#000000&Prime; ol_text_color=\u00a0\u00bb#0076C0&Prime; hover_enabled=\u00a0\u00bb0&Prime; custom_css_main_element=\u00a0\u00bbfont-weight:400;\u00a0\u00bb global_colors_info=\u00a0\u00bb{}\u00a0\u00bb sticky_enabled=\u00a0\u00bb0&Prime;]<\/p>\n<ul>\n<li><span style=\"color: #339966;\">Servicios Traducci\u00f3n Profesional <\/span>(75)<\/li>\n<li><span style=\"color: #339966;\">Nosotros<\/span> (22)<\/li>\n<li><span style=\"color: #339966;\">Sin categorizar<\/span> (14)<\/li>\n<li><span style=\"color: #339966;\">Noticias<\/span> (14)<\/li>\n<li><span style=\"color: #339966;\">Asesor\u00eda cultural<\/span> (11)<\/li>\n<li><span style=\"color: #339966;\">Innovaci\u00f3n y tecnolog\u00eda de la traducci\u00f3n<\/span> (7)<\/li>\n<li><span style=\"color: #339966;\">Servicios de interpretaci\u00f3n profesional<\/span> (7)<\/li>\n<li><span style=\"color: #339966;\">Interpretaci\u00f3n en eventos y reuniones<\/span> (5)<\/li>\n<li><span style=\"color: #339966;\">Interpretaci\u00f3n en juzgados y comisar\u00edas<\/span> (5)<\/li>\n<li><span style=\"color: #339966;\">Traducci\u00f3n de sitios web<\/span> (5)<\/li>\n<\/ul>\n<p>[\/et_pb_text][\/et_pb_column][\/et_pb_row][\/et_pb_section]<\/p>\n","protected":false},"excerpt":{"rendered":"<p>Entradas recientes Origen del idioma ingl\u00e9s T\u00e9cnicas de traducci\u00f3n Origen del idioma franc\u00e9s La traducci\u00f3n de guiones cinematogr\u00e1ficos \u00bfQu\u00e9 es la piedra de Rosetta? Categor\u00edas m\u00e1s usadas Servicios Traducci\u00f3n Profesional (75) Nosotros (22) Sin categorizar (14) Noticias (14) Asesor\u00eda cultural (11) Innovaci\u00f3n y tecnolog\u00eda de la traducci\u00f3n (7) Servicios de interpretaci\u00f3n profesional (7) Interpretaci\u00f3n en [&hellip;]<\/p>\n","protected":false},"author":6,"featured_media":0,"parent":0,"menu_order":0,"comment_status":"closed","ping_status":"closed","template":"","meta":{"_et_pb_use_builder":"on","_et_pb_old_content":"","_et_gb_content_width":"","_uag_custom_page_level_css":"","_monsterinsights_skip_tracking":false,"_monsterinsights_sitenote_active":false,"_monsterinsights_sitenote_note":"","_monsterinsights_sitenote_category":0,"_uf_show_specific_survey":0,"_uf_disable_surveys":false,"footnotes":""},"class_list":["post-7272","page","type-page","status-publish","hentry"],"yoast_head":"<!-- This site is optimized with the Yoast SEO plugin v24.8.1 - https:\/\/yoast.com\/wordpress\/plugins\/seo\/ -->\n<title>Entradas recientes fr - Tatutrad<\/title>\n<meta name=\"robots\" content=\"index, follow, max-snippet:-1, max-image-preview:large, max-video-preview:-1\" \/>\n<link rel=\"canonical\" href=\"https:\/\/tatutrad.net\/fr\/entradas-recientes-fr\/\" \/>\n<meta property=\"og:locale\" content=\"fr_FR\" \/>\n<meta property=\"og:type\" content=\"article\" \/>\n<meta property=\"og:title\" content=\"Entradas recientes fr - Tatutrad\" \/>\n<meta property=\"og:description\" content=\"Entradas recientes Origen del idioma ingl\u00e9s T\u00e9cnicas de traducci\u00f3n Origen del idioma franc\u00e9s La traducci\u00f3n de guiones cinematogr\u00e1ficos \u00bfQu\u00e9 es la piedra de Rosetta? Categor\u00edas m\u00e1s usadas Servicios Traducci\u00f3n Profesional (75) Nosotros (22) Sin categorizar (14) Noticias (14) Asesor\u00eda cultural (11) Innovaci\u00f3n y tecnolog\u00eda de la traducci\u00f3n (7) Servicios de interpretaci\u00f3n profesional (7) Interpretaci\u00f3n en [&hellip;]\" \/>\n<meta property=\"og:url\" content=\"https:\/\/tatutrad.net\/fr\/entradas-recientes-fr\/\" \/>\n<meta property=\"og:site_name\" content=\"Tatutrad\" \/>\n<meta property=\"article:modified_time\" content=\"2023-04-05T08:02:34+00:00\" \/>\n<meta property=\"og:image\" content=\"https:\/\/tatutrad.net\/wp-content\/uploads\/2024\/11\/TATUTRAD-communication-for-a-worldwide-reach-1200-675.jpg\" \/>\n\t<meta property=\"og:image:width\" content=\"1200\" \/>\n\t<meta property=\"og:image:height\" content=\"675\" \/>\n\t<meta property=\"og:image:type\" content=\"image\/jpeg\" \/>\n<meta name=\"twitter:card\" content=\"summary_large_image\" \/>\n<meta name=\"twitter:label1\" content=\"Dur\u00e9e de lecture estim\u00e9e\" \/>\n\t<meta name=\"twitter:data1\" content=\"2 minutes\" \/>\n<script type=\"application\/ld+json\" class=\"yoast-schema-graph\">{\"@context\":\"https:\/\/schema.org\",\"@graph\":[{\"@type\":\"WebPage\",\"@id\":\"https:\/\/tatutrad.net\/fr\/entradas-recientes-fr\/\",\"url\":\"https:\/\/tatutrad.net\/fr\/entradas-recientes-fr\/\",\"name\":\"Entradas recientes fr - Tatutrad\",\"isPartOf\":{\"@id\":\"https:\/\/tatutrad.net\/fr\/#website\"},\"datePublished\":\"2023-04-05T06:02:34+00:00\",\"dateModified\":\"2023-04-05T08:02:34+00:00\",\"breadcrumb\":{\"@id\":\"https:\/\/tatutrad.net\/fr\/entradas-recientes-fr\/#breadcrumb\"},\"inLanguage\":\"fr-FR\",\"potentialAction\":[{\"@type\":\"ReadAction\",\"target\":[\"https:\/\/tatutrad.net\/fr\/entradas-recientes-fr\/\"]}]},{\"@type\":\"BreadcrumbList\",\"@id\":\"https:\/\/tatutrad.net\/fr\/entradas-recientes-fr\/#breadcrumb\",\"itemListElement\":[{\"@type\":\"ListItem\",\"position\":1,\"name\":\"Home\",\"item\":\"https:\/\/tatutrad.net\/fr\/\"},{\"@type\":\"ListItem\",\"position\":2,\"name\":\"Entradas recientes fr\"}]},{\"@type\":\"WebSite\",\"@id\":\"https:\/\/tatutrad.net\/fr\/#website\",\"url\":\"https:\/\/tatutrad.net\/fr\/\",\"name\":\"Tatutrad\",\"description\":\"Tatutrad. Traductores Profesionales en Sevilla.\",\"publisher\":{\"@id\":\"https:\/\/tatutrad.net\/fr\/#organization\"},\"potentialAction\":[{\"@type\":\"SearchAction\",\"target\":{\"@type\":\"EntryPoint\",\"urlTemplate\":\"https:\/\/tatutrad.net\/fr\/?s={search_term_string}\"},\"query-input\":{\"@type\":\"PropertyValueSpecification\",\"valueRequired\":true,\"valueName\":\"search_term_string\"}}],\"inLanguage\":\"fr-FR\"},{\"@type\":\"Organization\",\"@id\":\"https:\/\/tatutrad.net\/fr\/#organization\",\"name\":\"Tatutrad\",\"url\":\"https:\/\/tatutrad.net\/fr\/\",\"logo\":{\"@type\":\"ImageObject\",\"inLanguage\":\"fr-FR\",\"@id\":\"https:\/\/tatutrad.net\/fr\/#\/schema\/logo\/image\/\",\"url\":\"https:\/\/tatutrad.net\/wp-content\/uploads\/2023\/03\/main-logo@2x-1.png\",\"contentUrl\":\"https:\/\/tatutrad.net\/wp-content\/uploads\/2023\/03\/main-logo@2x-1.png\",\"width\":218,\"height\":261,\"caption\":\"Tatutrad\"},\"image\":{\"@id\":\"https:\/\/tatutrad.net\/fr\/#\/schema\/logo\/image\/\"}}]}<\/script>\n<!-- \/ Yoast SEO plugin. -->","yoast_head_json":{"title":"Entradas recientes fr - Tatutrad","robots":{"index":"index","follow":"follow","max-snippet":"max-snippet:-1","max-image-preview":"max-image-preview:large","max-video-preview":"max-video-preview:-1"},"canonical":"https:\/\/tatutrad.net\/fr\/entradas-recientes-fr\/","og_locale":"fr_FR","og_type":"article","og_title":"Entradas recientes fr - Tatutrad","og_description":"Entradas recientes Origen del idioma ingl\u00e9s T\u00e9cnicas de traducci\u00f3n Origen del idioma franc\u00e9s La traducci\u00f3n de guiones cinematogr\u00e1ficos \u00bfQu\u00e9 es la piedra de Rosetta? Categor\u00edas m\u00e1s usadas Servicios Traducci\u00f3n Profesional (75) Nosotros (22) Sin categorizar (14) Noticias (14) Asesor\u00eda cultural (11) Innovaci\u00f3n y tecnolog\u00eda de la traducci\u00f3n (7) Servicios de interpretaci\u00f3n profesional (7) Interpretaci\u00f3n en [&hellip;]","og_url":"https:\/\/tatutrad.net\/fr\/entradas-recientes-fr\/","og_site_name":"Tatutrad","article_modified_time":"2023-04-05T08:02:34+00:00","og_image":[{"width":1200,"height":675,"url":"https:\/\/tatutrad.net\/wp-content\/uploads\/2024\/11\/TATUTRAD-communication-for-a-worldwide-reach-1200-675.jpg","type":"image\/jpeg"}],"twitter_card":"summary_large_image","twitter_misc":{"Dur\u00e9e de lecture estim\u00e9e":"2 minutes"},"schema":{"@context":"https:\/\/schema.org","@graph":[{"@type":"WebPage","@id":"https:\/\/tatutrad.net\/fr\/entradas-recientes-fr\/","url":"https:\/\/tatutrad.net\/fr\/entradas-recientes-fr\/","name":"Entradas recientes fr - Tatutrad","isPartOf":{"@id":"https:\/\/tatutrad.net\/fr\/#website"},"datePublished":"2023-04-05T06:02:34+00:00","dateModified":"2023-04-05T08:02:34+00:00","breadcrumb":{"@id":"https:\/\/tatutrad.net\/fr\/entradas-recientes-fr\/#breadcrumb"},"inLanguage":"fr-FR","potentialAction":[{"@type":"ReadAction","target":["https:\/\/tatutrad.net\/fr\/entradas-recientes-fr\/"]}]},{"@type":"BreadcrumbList","@id":"https:\/\/tatutrad.net\/fr\/entradas-recientes-fr\/#breadcrumb","itemListElement":[{"@type":"ListItem","position":1,"name":"Home","item":"https:\/\/tatutrad.net\/fr\/"},{"@type":"ListItem","position":2,"name":"Entradas recientes fr"}]},{"@type":"WebSite","@id":"https:\/\/tatutrad.net\/fr\/#website","url":"https:\/\/tatutrad.net\/fr\/","name":"Tatutrad","description":"Tatutrad. Traductores Profesionales en Sevilla.","publisher":{"@id":"https:\/\/tatutrad.net\/fr\/#organization"},"potentialAction":[{"@type":"SearchAction","target":{"@type":"EntryPoint","urlTemplate":"https:\/\/tatutrad.net\/fr\/?s={search_term_string}"},"query-input":{"@type":"PropertyValueSpecification","valueRequired":true,"valueName":"search_term_string"}}],"inLanguage":"fr-FR"},{"@type":"Organization","@id":"https:\/\/tatutrad.net\/fr\/#organization","name":"Tatutrad","url":"https:\/\/tatutrad.net\/fr\/","logo":{"@type":"ImageObject","inLanguage":"fr-FR","@id":"https:\/\/tatutrad.net\/fr\/#\/schema\/logo\/image\/","url":"https:\/\/tatutrad.net\/wp-content\/uploads\/2023\/03\/main-logo@2x-1.png","contentUrl":"https:\/\/tatutrad.net\/wp-content\/uploads\/2023\/03\/main-logo@2x-1.png","width":218,"height":261,"caption":"Tatutrad"},"image":{"@id":"https:\/\/tatutrad.net\/fr\/#\/schema\/logo\/image\/"}}]}},"uagb_featured_image_src":{"full":false,"thumbnail":false,"medium":false,"medium_large":false,"large":false,"1536x1536":false,"2048x2048":false,"et-pb-post-main-image":false,"et-pb-post-main-image-fullwidth":false,"et-pb-portfolio-image":false,"et-pb-portfolio-module-image":false,"et-pb-portfolio-image-single":false,"et-pb-gallery-module-image-portrait":false,"et-pb-post-main-image-fullwidth-large":false,"et-pb-image--responsive--desktop":false,"et-pb-image--responsive--tablet":false,"et-pb-image--responsive--phone":false},"uagb_author_info":{"display_name":"Rosario de Zayas","author_link":"https:\/\/tatutrad.net\/fr\/author\/rosario_tatutrad\/"},"uagb_comment_info":0,"uagb_excerpt":"Entradas recientes Origen del idioma ingl\u00e9s T\u00e9cnicas de traducci\u00f3n Origen del idioma franc\u00e9s La traducci\u00f3n de guiones cinematogr\u00e1ficos \u00bfQu\u00e9 es la piedra de Rosetta? Categor\u00edas m\u00e1s usadas Servicios Traducci\u00f3n Profesional (75) Nosotros (22) Sin categorizar (14) Noticias (14) Asesor\u00eda cultural (11) Innovaci\u00f3n y tecnolog\u00eda de la traducci\u00f3n (7) Servicios de interpretaci\u00f3n profesional (7) Interpretaci\u00f3n en\u2026","_links":{"self":[{"href":"https:\/\/tatutrad.net\/fr\/wp-json\/wp\/v2\/pages\/7272","targetHints":{"allow":["GET"]}}],"collection":[{"href":"https:\/\/tatutrad.net\/fr\/wp-json\/wp\/v2\/pages"}],"about":[{"href":"https:\/\/tatutrad.net\/fr\/wp-json\/wp\/v2\/types\/page"}],"author":[{"embeddable":true,"href":"https:\/\/tatutrad.net\/fr\/wp-json\/wp\/v2\/users\/6"}],"replies":[{"embeddable":true,"href":"https:\/\/tatutrad.net\/fr\/wp-json\/wp\/v2\/comments?post=7272"}],"version-history":[{"count":0,"href":"https:\/\/tatutrad.net\/fr\/wp-json\/wp\/v2\/pages\/7272\/revisions"}],"wp:attachment":[{"href":"https:\/\/tatutrad.net\/fr\/wp-json\/wp\/v2\/media?parent=7272"}],"curies":[{"name":"wp","href":"https:\/\/api.w.org\/{rel}","templated":true}]}}