{"id":7374,"date":"2023-03-27T08:20:15","date_gmt":"2023-03-27T06:20:15","guid":{"rendered":"http:\/\/tatutrad.openlock.es\/ubicacion-y-contacto-en"},"modified":"2023-03-27T08:20:15","modified_gmt":"2023-03-27T08:20:15","slug":"ubicacion-y-contacto-en","status":"publish","type":"page","link":"https:\/\/tatutrad.net\/en\/ubicacion-y-contacto-en\/","title":{"rendered":"ubicacion-y-contacto en"},"content":{"rendered":"<p>[et_pb_section fb_built=&#8221;1&#8243; _builder_version=&#8221;4.20.2&#8243; _module_preset=&#8221;default&#8221; max_width=&#8221;1286px&#8221; module_alignment=&#8221;center&#8221; custom_padding=&#8221;0px||0px||true|false&#8221; locked=&#8221;off&#8221; global_colors_info=&#8221;{}&#8221;][et_pb_row column_structure=&#8221;2_3,1_3&#8243; _builder_version=&#8221;4.20.2&#8243; _module_preset=&#8221;default&#8221; width=&#8221;100%&#8221; global_colors_info=&#8221;{}&#8221;][et_pb_column type=&#8221;2_3&#8243; _builder_version=&#8221;4.20.2&#8243; _module_preset=&#8221;default&#8221; global_colors_info=&#8221;{}&#8221;][et_pb_text _builder_version=&#8221;4.20.2&#8243; _module_preset=&#8221;default&#8221; text_font=&#8221;Roboto Slab||||||||&#8221; text_text_color=&#8221;#129128&#8243; text_font_size=&#8221;48px&#8221; text_line_height=&#8221;58px&#8221; header_font=&#8221;Roboto Slab|100|||||||&#8221; header_text_align=&#8221;center&#8221; header_text_color=&#8221;#139129&#8243; header_font_size=&#8221;48px&#8221; header_line_height=&#8221;58px&#8221; text_orientation=&#8221;center&#8221; custom_margin=&#8221;||10px||false|false&#8221; custom_css_main_element=&#8221;font-weight:100;&#8221; locked=&#8221;off&#8221; global_colors_info=&#8221;{}&#8221;]<\/p>\n<p>Tatutrad tiene clientes por todo el mundo pero es en Sevilla donde tenemos nuestra oficina. Concretamente en la avenida Emilio Lemos n.\u00ba 2, planta 6.\u00aa, m\u00f3dulo 603\/604 en Sevilla Este. Aqu\u00ed podr\u00e1s encontrarnos y si deseas ponerte en contacto con nosotros puedes enviarnos el formulario incluido en esta p\u00e1gina o llamar al tel\u00e9fono +34 954 40 23 98.<\/p>\n<p>[\/et_pb_text][\/et_pb_column][et_pb_column type=&#8221;1_3&#8243; _builder_version=&#8221;4.20.2&#8243; _module_preset=&#8221;default&#8221; background_color=&#8221;#f7f7f7&#8243; global_colors_info=&#8221;{}&#8221;][et_pb_text _builder_version=&#8221;4.20.2&#8243; _module_preset=&#8221;default&#8221; text_font=&#8221;Roboto Slab||||||||&#8221; text_text_color=&#8221;#333333&#8243; text_font_size=&#8221;28px&#8221; text_line_height=&#8221;34px&#8221; module_alignment=&#8221;right&#8221; custom_margin=&#8221;||7px||false|false&#8221; custom_padding=&#8221;10px|||10px|false|false&#8221; global_colors_info=&#8221;{}&#8221;]<\/p>\n<p>Buscador<\/p>\n<p>[\/et_pb_text][et_pb_search placeholder=&#8221;Buscador..&#8221; button_color=&#8221;#129128&#8243; _builder_version=&#8221;4.20.2&#8243; _module_preset=&#8221;default&#8221; form_field_background_color=&#8221;#FFFFFF&#8221; button_font=&#8221;Roboto Slab||||||||&#8221; button_text_color=&#8221;#FFFFFF&#8221; button_font_size=&#8221;16px&#8221; form_field_font=&#8221;Roboto||||||||&#8221; form_field_font_size=&#8221;16px&#8221; module_alignment=&#8221;right&#8221; custom_padding=&#8221;0.715em|0.715em|0.715em||false|false&#8221; global_colors_info=&#8221;{}&#8221;][\/et_pb_search][et_pb_divider color=&#8221;#FFFFFF&#8221; divider_weight=&#8221;40px&#8221; _builder_version=&#8221;4.20.2&#8243; _module_preset=&#8221;default&#8221; transform_rotate=&#8221;0deg|0deg|359deg&#8221; transform_skew=&#8221;-5deg|-5deg&#8221; custom_padding=&#8221;0px||||false|false&#8221; global_colors_info=&#8221;{}&#8221;][\/et_pb_divider][et_pb_sidebar _builder_version=&#8221;4.20.2&#8243; _module_preset=&#8221;default&#8221; custom_padding=&#8221;100px|||10px|false|false&#8221; global_colors_info=&#8221;{}&#8221;][\/et_pb_sidebar][et_pb_divider color=&#8221;#FFFFFF&#8221; divider_weight=&#8221;36px&#8221; _builder_version=&#8221;4.20.2&#8243; _module_preset=&#8221;default&#8221; transform_skew=&#8221;-5deg|-5deg&#8221; global_colors_info=&#8221;{}&#8221;][\/et_pb_divider][\/et_pb_column][\/et_pb_row][\/et_pb_section][et_pb_section fb_built=&#8221;1&#8243; _builder_version=&#8221;4.20.2&#8243; _module_preset=&#8221;default&#8221; max_width=&#8221;1286px&#8221; module_alignment=&#8221;center&#8221; custom_padding=&#8221;0px||0px||true|false&#8221; global_colors_info=&#8221;{}&#8221;][et_pb_row column_structure=&#8221;1_3,2_3&#8243; _builder_version=&#8221;4.20.2&#8243; _module_preset=&#8221;default&#8221; width=&#8221;96%&#8221; global_colors_info=&#8221;{}&#8221;][et_pb_column type=&#8221;1_3&#8243; _builder_version=&#8221;4.20.2&#8243; _module_preset=&#8221;default&#8221; global_colors_info=&#8221;{}&#8221;][et_pb_text _builder_version=&#8221;4.20.2&#8243; _module_preset=&#8221;default&#8221; text_font=&#8221;Roboto||||||||&#8221; text_font_size=&#8221;16px&#8221; text_line_height=&#8221;24px&#8221; header_3_font=&#8221;Roboto Slab|500|||||||&#8221; header_3_font_size=&#8221;28px&#8221; custom_css_main_element=&#8221;font-weight:400&#8243; global_colors_info=&#8221;{}&#8221;]<\/p>\n<p>Estamos en el Edificio TorreEste.Avenida Emilio Lemos 2, Planta 6.\u00aa, M\u00f3dulo 603\/60441020 Sevilla<\/p>\n<h3>Sevilla, ciudad de congresos<\/h3>\n<p>Sevilla, como capital de Andaluc\u00eda, es un centro econ\u00f3mico y cultural de primera magnitud a nivel nacional. A ello han contribuido tanto su legado hist\u00f3rico como su innegable reclamo tur\u00edstico, ya que es considerada una de las ciudades m\u00e1s bellas de Espa\u00f1a. A ello hay que sumarle su condici\u00f3n de ciudad de congresos. El Palacio de Congresos es el principal centro donde se celebran este tipo de eventos, y con la ampliaci\u00f3n del auditorio, contribuye a destacar a\u00fan m\u00e1s a Sevilla como n\u00facleo de referencia en congresos y ferias de \u00e1mbito internacional.<strong>\u00a1Ven a visitarnos!<\/strong><\/p>\n<h3>PRESUPUESTO<\/h3>\n<p>Solic\u00edtanos tu presupuesto sin ning\u00fan compromiso. Haznos llegar tu documentaci\u00f3n y la trataremos con la mayor confidencialidad para poder detallar nuestra labor y ajustar el precio lo m\u00e1ximo posible.<\/p>\n<p>&nbsp;<\/p>\n<p>[\/et_pb_text][et_pb_contact_form captcha=&#8221;off&#8221; submit_button_text=&#8221;Enviar&#8221; module_class=&#8221;pa-contact-form-submit-fullwidth&#8221; _builder_version=&#8221;4.20.2&#8243; _module_preset=&#8221;default&#8221; _unique_id=&#8221;13247c88-d5f7-4834-9c45-717df72a2612&#8243; form_field_background_color=&#8221;#FFFFFF&#8221; form_field_text_color=&#8221;rgba(51,51,51,0.89)&#8221; form_field_font=&#8221;Roboto||||||||&#8221; form_field_font_size=&#8221;16px&#8221; custom_button=&#8221;on&#8221; button_text_size=&#8221;16px&#8221; button_bg_color=&#8221;#FFFFFF&#8221; button_border_width=&#8221;1px&#8221; button_border_color=&#8221;#129128&#8243; button_border_radius=&#8221;4px&#8221; button_font=&#8221;Roboto||||||||&#8221; custom_margin=&#8221;-28px|||||&#8221; hover_enabled=&#8221;0&#8243; custom_css_contact_button=&#8221;||&#8221; border_radii=&#8221;on|5px|5px|5px|5px&#8221; border_width_all=&#8221;1px&#8221; border_color_all=&#8221;#ced4da&#8221; global_colors_info=&#8221;{}&#8221; sticky_enabled=&#8221;0&#8243; locked=&#8221;off&#8221;][et_pb_contact_field field_id=&#8221;Su_nombre_(requerido)&#8221; field_title=&#8221;Su nombre (requerido)&#8221; fullwidth_field=&#8221;on&#8221; _builder_version=&#8221;4.20.2&#8243; global_colors_info=&#8221;{}&#8221; button_text_size__hover_enabled=&#8221;off&#8221; button_one_text_size__hover_enabled=&#8221;off&#8221; button_two_text_size__hover_enabled=&#8221;off&#8221; button_text_color__hover_enabled=&#8221;off&#8221; button_one_text_color__hover_enabled=&#8221;off&#8221; button_two_text_color__hover_enabled=&#8221;off&#8221; button_border_width__hover_enabled=&#8221;off&#8221; button_one_border_width__hover_enabled=&#8221;off&#8221; button_two_border_width__hover_enabled=&#8221;off&#8221; button_border_color__hover_enabled=&#8221;off&#8221; button_one_border_color__hover_enabled=&#8221;off&#8221; button_two_border_color__hover_enabled=&#8221;off&#8221; button_border_radius__hover_enabled=&#8221;off&#8221; button_one_border_radius__hover_enabled=&#8221;off&#8221; button_two_border_radius__hover_enabled=&#8221;off&#8221; button_letter_spacing__hover_enabled=&#8221;off&#8221; button_one_letter_spacing__hover_enabled=&#8221;off&#8221; button_two_letter_spacing__hover_enabled=&#8221;off&#8221; button_bg_color__hover_enabled=&#8221;off&#8221; button_one_bg_color__hover_enabled=&#8221;off&#8221; button_two_bg_color__hover_enabled=&#8221;off&#8221;][\/et_pb_contact_field][et_pb_contact_field field_id=&#8221;Su_e-mail_(requerido)&#8221; field_title=&#8221;Su e-mail (requerido)&#8221; field_type=&#8221;email&#8221; fullwidth_field=&#8221;on&#8221; _builder_version=&#8221;4.20.2&#8243; hover_enabled=&#8221;0&#8243; global_colors_info=&#8221;{}&#8221; button_text_size__hover_enabled=&#8221;off&#8221; button_one_text_size__hover_enabled=&#8221;off&#8221; button_two_text_size__hover_enabled=&#8221;off&#8221; button_text_color__hover_enabled=&#8221;off&#8221; button_one_text_color__hover_enabled=&#8221;off&#8221; button_two_text_color__hover_enabled=&#8221;off&#8221; button_border_width__hover_enabled=&#8221;off&#8221; button_one_border_width__hover_enabled=&#8221;off&#8221; button_two_border_width__hover_enabled=&#8221;off&#8221; button_border_color__hover_enabled=&#8221;off&#8221; button_one_border_color__hover_enabled=&#8221;off&#8221; button_two_border_color__hover_enabled=&#8221;off&#8221; button_border_radius__hover_enabled=&#8221;off&#8221; button_one_border_radius__hover_enabled=&#8221;off&#8221; button_two_border_radius__hover_enabled=&#8221;off&#8221; button_letter_spacing__hover_enabled=&#8221;off&#8221; button_one_letter_spacing__hover_enabled=&#8221;off&#8221; button_two_letter_spacing__hover_enabled=&#8221;off&#8221; button_bg_color__hover_enabled=&#8221;off&#8221; button_one_bg_color__hover_enabled=&#8221;off&#8221; button_two_bg_color__hover_enabled=&#8221;off&#8221; sticky_enabled=&#8221;0&#8243;][\/et_pb_contact_field][et_pb_contact_field field_id=&#8221;Asunto&#8221; field_title=&#8221;Asunto&#8221; field_type=&#8221;email&#8221; fullwidth_field=&#8221;on&#8221; _builder_version=&#8221;4.20.2&#8243; global_colors_info=&#8221;{}&#8221; button_text_size__hover_enabled=&#8221;off&#8221; button_one_text_size__hover_enabled=&#8221;off&#8221; button_two_text_size__hover_enabled=&#8221;off&#8221; button_text_color__hover_enabled=&#8221;off&#8221; button_one_text_color__hover_enabled=&#8221;off&#8221; button_two_text_color__hover_enabled=&#8221;off&#8221; button_border_width__hover_enabled=&#8221;off&#8221; button_one_border_width__hover_enabled=&#8221;off&#8221; button_two_border_width__hover_enabled=&#8221;off&#8221; button_border_color__hover_enabled=&#8221;off&#8221; button_one_border_color__hover_enabled=&#8221;off&#8221; button_two_border_color__hover_enabled=&#8221;off&#8221; button_border_radius__hover_enabled=&#8221;off&#8221; button_one_border_radius__hover_enabled=&#8221;off&#8221; button_two_border_radius__hover_enabled=&#8221;off&#8221; button_letter_spacing__hover_enabled=&#8221;off&#8221; button_one_letter_spacing__hover_enabled=&#8221;off&#8221; button_two_letter_spacing__hover_enabled=&#8221;off&#8221; button_bg_color__hover_enabled=&#8221;off&#8221; button_one_bg_color__hover_enabled=&#8221;off&#8221; button_two_bg_color__hover_enabled=&#8221;off&#8221;][\/et_pb_contact_field][et_pb_contact_field field_id=&#8221;Su_mensaje&#8221; field_title=&#8221;Su mensaje&#8221; field_type=&#8221;text&#8221; fullwidth_field=&#8221;on&#8221; _builder_version=&#8221;4.20.2&#8243; global_colors_info=&#8221;{}&#8221; button_text_size__hover_enabled=&#8221;off&#8221; button_one_text_size__hover_enabled=&#8221;off&#8221; button_two_text_size__hover_enabled=&#8221;off&#8221; button_text_color__hover_enabled=&#8221;off&#8221; button_one_text_color__hover_enabled=&#8221;off&#8221; button_two_text_color__hover_enabled=&#8221;off&#8221; button_border_width__hover_enabled=&#8221;off&#8221; button_one_border_width__hover_enabled=&#8221;off&#8221; button_two_border_width__hover_enabled=&#8221;off&#8221; button_border_color__hover_enabled=&#8221;off&#8221; button_one_border_color__hover_enabled=&#8221;off&#8221; button_two_border_color__hover_enabled=&#8221;off&#8221; button_border_radius__hover_enabled=&#8221;off&#8221; button_one_border_radius__hover_enabled=&#8221;off&#8221; button_two_border_radius__hover_enabled=&#8221;off&#8221; button_letter_spacing__hover_enabled=&#8221;off&#8221; button_one_letter_spacing__hover_enabled=&#8221;off&#8221; button_two_letter_spacing__hover_enabled=&#8221;off&#8221; button_bg_color__hover_enabled=&#8221;off&#8221; button_one_bg_color__hover_enabled=&#8221;off&#8221; button_two_bg_color__hover_enabled=&#8221;off&#8221;][\/et_pb_contact_field][et_pb_contact_field field_id=&#8221;Field_4&#8243; field_title=&#8221; &#8221; field_type=&#8221;checkbox&#8221; checkbox_options=&#8221;%91{%22value%22:%22 Acepto el uso de mis datos personales de acuerdo con la Pol\u00edtica de Privacidad y Protecci\u00f3n de Datos.%22,%22checked%22:0,%22dragID%22:-1}%93&#8243; fullwidth_field=&#8221;on&#8221; _builder_version=&#8221;4.20.2&#8243; _module_preset=&#8221;default&#8221; global_colors_info=&#8221;{}&#8221;][\/et_pb_contact_field][\/et_pb_contact_form][et_pb_text _builder_version=&#8221;4.20.2&#8243; _module_preset=&#8221;default&#8221; text_font=&#8221;Roboto||||||||&#8221; text_text_color=&#8221;#333333&#8243; text_font_size=&#8221;24px&#8221; text_line_height=&#8221;29px&#8221; header_font=&#8221;Roboto||||||||&#8221; header_text_color=&#8221;#333333&#8243; header_font_size=&#8221;24px&#8221; header_4_font=&#8221;Roboto Slab||||||||&#8221; header_4_font_size=&#8221;24px&#8221; header_4_line_height=&#8221;29px&#8221; custom_margin=&#8221;||7px||false|false&#8221; custom_css_main_element=&#8221;font-weight:400 ;&#8221; global_colors_info=&#8221;{}&#8221;]<\/p>\n<p>Tel\u00e9fonos de contacto<\/p>\n<p>[\/et_pb_text][et_pb_text _builder_version=&#8221;4.20.2&#8243; _module_preset=&#8221;default&#8221; text_font=&#8221;Roboto||||||||&#8221; text_text_color=&#8221;#333333&#8243; text_font_size=&#8221;16px&#8221; text_line_height=&#8221;24px&#8221; header_font=&#8221;Roboto||||||||&#8221; header_text_color=&#8221;#333333&#8243; header_font_size=&#8221;24px&#8221; header_4_font=&#8221;Roboto Slab||||||||&#8221; header_4_font_size=&#8221;24px&#8221; header_4_line_height=&#8221;29px&#8221; custom_css_main_element=&#8221;font-weight:400 ;&#8221; global_colors_info=&#8221;{}&#8221;]<\/p>\n<p>954.40.23.98<br \/>Fax 954.40.23.98<\/p>\n<p>[\/et_pb_text][\/et_pb_column][et_pb_column type=&#8221;2_3&#8243; _builder_version=&#8221;4.20.2&#8243; _module_preset=&#8221;default&#8221; global_colors_info=&#8221;{}&#8221;][\/et_pb_column][\/et_pb_row][\/et_pb_section]<\/p>\n","protected":false},"excerpt":{"rendered":"<p>Tatutrad tiene clientes por todo el mundo pero es en Sevilla donde tenemos nuestra oficina. Concretamente en la avenida Emilio Lemos n.\u00ba 2, planta 6.\u00aa, m\u00f3dulo 603\/604 en Sevilla Este. Aqu\u00ed podr\u00e1s encontrarnos y si deseas ponerte en contacto con nosotros puedes enviarnos el formulario incluido en esta p\u00e1gina o llamar al tel\u00e9fono +34 954 [&hellip;]<\/p>\n","protected":false},"author":6,"featured_media":0,"parent":0,"menu_order":0,"comment_status":"closed","ping_status":"closed","template":"","meta":{"_et_pb_use_builder":"on","_et_pb_old_content":"","_et_gb_content_width":"","_uag_custom_page_level_css":"","_monsterinsights_skip_tracking":false,"_monsterinsights_sitenote_active":false,"_monsterinsights_sitenote_note":"","_monsterinsights_sitenote_category":0,"_uf_show_specific_survey":0,"_uf_disable_surveys":false,"footnotes":""},"class_list":["post-7374","page","type-page","status-publish","hentry"],"yoast_head":"<!-- This site is optimized with the Yoast SEO plugin v24.8.1 - https:\/\/yoast.com\/wordpress\/plugins\/seo\/ -->\n<title>ubicacion-y-contacto en - Tatutrad<\/title>\n<meta name=\"robots\" content=\"index, follow, max-snippet:-1, max-image-preview:large, max-video-preview:-1\" \/>\n<link rel=\"canonical\" href=\"https:\/\/tatutrad.net\/en\/ubicacion-y-contacto-en\/\" \/>\n<meta property=\"og:locale\" content=\"en_US\" \/>\n<meta property=\"og:type\" content=\"article\" \/>\n<meta property=\"og:title\" content=\"ubicacion-y-contacto en - Tatutrad\" \/>\n<meta property=\"og:description\" content=\"Tatutrad tiene clientes por todo el mundo pero es en Sevilla donde tenemos nuestra oficina. Concretamente en la avenida Emilio Lemos n.\u00ba 2, planta 6.\u00aa, m\u00f3dulo 603\/604 en Sevilla Este. Aqu\u00ed podr\u00e1s encontrarnos y si deseas ponerte en contacto con nosotros puedes enviarnos el formulario incluido en esta p\u00e1gina o llamar al tel\u00e9fono +34 954 [&hellip;]\" \/>\n<meta property=\"og:url\" content=\"https:\/\/tatutrad.net\/en\/ubicacion-y-contacto-en\/\" \/>\n<meta property=\"og:site_name\" content=\"Tatutrad\" \/>\n<meta property=\"article:modified_time\" content=\"2023-03-27T08:20:15+00:00\" \/>\n<meta property=\"og:image\" content=\"https:\/\/tatutrad.net\/wp-content\/uploads\/2024\/11\/TATUTRAD-communication-for-a-worldwide-reach-1200-675.jpg\" \/>\n\t<meta property=\"og:image:width\" content=\"1200\" \/>\n\t<meta property=\"og:image:height\" content=\"675\" \/>\n\t<meta property=\"og:image:type\" content=\"image\/jpeg\" \/>\n<meta name=\"twitter:card\" content=\"summary_large_image\" \/>\n<meta name=\"twitter:label1\" content=\"Est. reading time\" \/>\n\t<meta name=\"twitter:data1\" content=\"8 minutes\" \/>\n<script type=\"application\/ld+json\" class=\"yoast-schema-graph\">{\"@context\":\"https:\/\/schema.org\",\"@graph\":[{\"@type\":\"WebPage\",\"@id\":\"https:\/\/tatutrad.net\/en\/ubicacion-y-contacto-en\/\",\"url\":\"https:\/\/tatutrad.net\/en\/ubicacion-y-contacto-en\/\",\"name\":\"ubicacion-y-contacto en - Tatutrad\",\"isPartOf\":{\"@id\":\"https:\/\/tatutrad.net\/en\/#website\"},\"datePublished\":\"2023-03-27T06:20:15+00:00\",\"dateModified\":\"2023-03-27T08:20:15+00:00\",\"breadcrumb\":{\"@id\":\"https:\/\/tatutrad.net\/en\/ubicacion-y-contacto-en\/#breadcrumb\"},\"inLanguage\":\"en-US\",\"potentialAction\":[{\"@type\":\"ReadAction\",\"target\":[\"https:\/\/tatutrad.net\/en\/ubicacion-y-contacto-en\/\"]}]},{\"@type\":\"BreadcrumbList\",\"@id\":\"https:\/\/tatutrad.net\/en\/ubicacion-y-contacto-en\/#breadcrumb\",\"itemListElement\":[{\"@type\":\"ListItem\",\"position\":1,\"name\":\"Home\",\"item\":\"https:\/\/tatutrad.net\/en\/inicio\/\"},{\"@type\":\"ListItem\",\"position\":2,\"name\":\"ubicacion-y-contacto en\"}]},{\"@type\":\"WebSite\",\"@id\":\"https:\/\/tatutrad.net\/en\/#website\",\"url\":\"https:\/\/tatutrad.net\/en\/\",\"name\":\"Tatutrad\",\"description\":\"Tatutrad. Traductores Profesionales en Sevilla.\",\"publisher\":{\"@id\":\"https:\/\/tatutrad.net\/en\/#organization\"},\"potentialAction\":[{\"@type\":\"SearchAction\",\"target\":{\"@type\":\"EntryPoint\",\"urlTemplate\":\"https:\/\/tatutrad.net\/en\/?s={search_term_string}\"},\"query-input\":{\"@type\":\"PropertyValueSpecification\",\"valueRequired\":true,\"valueName\":\"search_term_string\"}}],\"inLanguage\":\"en-US\"},{\"@type\":\"Organization\",\"@id\":\"https:\/\/tatutrad.net\/en\/#organization\",\"name\":\"Tatutrad\",\"url\":\"https:\/\/tatutrad.net\/en\/\",\"logo\":{\"@type\":\"ImageObject\",\"inLanguage\":\"en-US\",\"@id\":\"https:\/\/tatutrad.net\/en\/#\/schema\/logo\/image\/\",\"url\":\"https:\/\/tatutrad.net\/wp-content\/uploads\/2023\/03\/main-logo@2x-1.png\",\"contentUrl\":\"https:\/\/tatutrad.net\/wp-content\/uploads\/2023\/03\/main-logo@2x-1.png\",\"width\":218,\"height\":261,\"caption\":\"Tatutrad\"},\"image\":{\"@id\":\"https:\/\/tatutrad.net\/en\/#\/schema\/logo\/image\/\"}}]}<\/script>\n<!-- \/ Yoast SEO plugin. -->","yoast_head_json":{"title":"ubicacion-y-contacto en - Tatutrad","robots":{"index":"index","follow":"follow","max-snippet":"max-snippet:-1","max-image-preview":"max-image-preview:large","max-video-preview":"max-video-preview:-1"},"canonical":"https:\/\/tatutrad.net\/en\/ubicacion-y-contacto-en\/","og_locale":"en_US","og_type":"article","og_title":"ubicacion-y-contacto en - Tatutrad","og_description":"Tatutrad tiene clientes por todo el mundo pero es en Sevilla donde tenemos nuestra oficina. Concretamente en la avenida Emilio Lemos n.\u00ba 2, planta 6.\u00aa, m\u00f3dulo 603\/604 en Sevilla Este. Aqu\u00ed podr\u00e1s encontrarnos y si deseas ponerte en contacto con nosotros puedes enviarnos el formulario incluido en esta p\u00e1gina o llamar al tel\u00e9fono +34 954 [&hellip;]","og_url":"https:\/\/tatutrad.net\/en\/ubicacion-y-contacto-en\/","og_site_name":"Tatutrad","article_modified_time":"2023-03-27T08:20:15+00:00","og_image":[{"width":1200,"height":675,"url":"https:\/\/tatutrad.net\/wp-content\/uploads\/2024\/11\/TATUTRAD-communication-for-a-worldwide-reach-1200-675.jpg","type":"image\/jpeg"}],"twitter_card":"summary_large_image","twitter_misc":{"Est. reading time":"8 minutes"},"schema":{"@context":"https:\/\/schema.org","@graph":[{"@type":"WebPage","@id":"https:\/\/tatutrad.net\/en\/ubicacion-y-contacto-en\/","url":"https:\/\/tatutrad.net\/en\/ubicacion-y-contacto-en\/","name":"ubicacion-y-contacto en - Tatutrad","isPartOf":{"@id":"https:\/\/tatutrad.net\/en\/#website"},"datePublished":"2023-03-27T06:20:15+00:00","dateModified":"2023-03-27T08:20:15+00:00","breadcrumb":{"@id":"https:\/\/tatutrad.net\/en\/ubicacion-y-contacto-en\/#breadcrumb"},"inLanguage":"en-US","potentialAction":[{"@type":"ReadAction","target":["https:\/\/tatutrad.net\/en\/ubicacion-y-contacto-en\/"]}]},{"@type":"BreadcrumbList","@id":"https:\/\/tatutrad.net\/en\/ubicacion-y-contacto-en\/#breadcrumb","itemListElement":[{"@type":"ListItem","position":1,"name":"Home","item":"https:\/\/tatutrad.net\/en\/inicio\/"},{"@type":"ListItem","position":2,"name":"ubicacion-y-contacto en"}]},{"@type":"WebSite","@id":"https:\/\/tatutrad.net\/en\/#website","url":"https:\/\/tatutrad.net\/en\/","name":"Tatutrad","description":"Tatutrad. Traductores Profesionales en Sevilla.","publisher":{"@id":"https:\/\/tatutrad.net\/en\/#organization"},"potentialAction":[{"@type":"SearchAction","target":{"@type":"EntryPoint","urlTemplate":"https:\/\/tatutrad.net\/en\/?s={search_term_string}"},"query-input":{"@type":"PropertyValueSpecification","valueRequired":true,"valueName":"search_term_string"}}],"inLanguage":"en-US"},{"@type":"Organization","@id":"https:\/\/tatutrad.net\/en\/#organization","name":"Tatutrad","url":"https:\/\/tatutrad.net\/en\/","logo":{"@type":"ImageObject","inLanguage":"en-US","@id":"https:\/\/tatutrad.net\/en\/#\/schema\/logo\/image\/","url":"https:\/\/tatutrad.net\/wp-content\/uploads\/2023\/03\/main-logo@2x-1.png","contentUrl":"https:\/\/tatutrad.net\/wp-content\/uploads\/2023\/03\/main-logo@2x-1.png","width":218,"height":261,"caption":"Tatutrad"},"image":{"@id":"https:\/\/tatutrad.net\/en\/#\/schema\/logo\/image\/"}}]}},"uagb_featured_image_src":{"full":false,"thumbnail":false,"medium":false,"medium_large":false,"large":false,"1536x1536":false,"2048x2048":false,"et-pb-post-main-image":false,"et-pb-post-main-image-fullwidth":false,"et-pb-portfolio-image":false,"et-pb-portfolio-module-image":false,"et-pb-portfolio-image-single":false,"et-pb-gallery-module-image-portrait":false,"et-pb-post-main-image-fullwidth-large":false,"et-pb-image--responsive--desktop":false,"et-pb-image--responsive--tablet":false,"et-pb-image--responsive--phone":false},"uagb_author_info":{"display_name":"Rosario de Zayas","author_link":"https:\/\/tatutrad.net\/en\/author\/rosario_tatutrad\/"},"uagb_comment_info":0,"uagb_excerpt":"Tatutrad tiene clientes por todo el mundo pero es en Sevilla donde tenemos nuestra oficina. Concretamente en la avenida Emilio Lemos n.\u00ba 2, planta 6.\u00aa, m\u00f3dulo 603\/604 en Sevilla Este. Aqu\u00ed podr\u00e1s encontrarnos y si deseas ponerte en contacto con nosotros puedes enviarnos el formulario incluido en esta p\u00e1gina o llamar al tel\u00e9fono +34 954&hellip;","_links":{"self":[{"href":"https:\/\/tatutrad.net\/en\/wp-json\/wp\/v2\/pages\/7374","targetHints":{"allow":["GET"]}}],"collection":[{"href":"https:\/\/tatutrad.net\/en\/wp-json\/wp\/v2\/pages"}],"about":[{"href":"https:\/\/tatutrad.net\/en\/wp-json\/wp\/v2\/types\/page"}],"author":[{"embeddable":true,"href":"https:\/\/tatutrad.net\/en\/wp-json\/wp\/v2\/users\/6"}],"replies":[{"embeddable":true,"href":"https:\/\/tatutrad.net\/en\/wp-json\/wp\/v2\/comments?post=7374"}],"version-history":[{"count":0,"href":"https:\/\/tatutrad.net\/en\/wp-json\/wp\/v2\/pages\/7374\/revisions"}],"wp:attachment":[{"href":"https:\/\/tatutrad.net\/en\/wp-json\/wp\/v2\/media?parent=7374"}],"curies":[{"name":"wp","href":"https:\/\/api.w.org\/{rel}","templated":true}]}}