{"id":7366,"date":"2023-04-01T08:14:53","date_gmt":"2023-04-01T06:14:53","guid":{"rendered":"http:\/\/tatutrad.openlock.es\/tatutrad-y-wpml-en"},"modified":"2025-04-03T11:17:39","modified_gmt":"2025-04-03T09:17:39","slug":"tatutrad-y-wpml-en","status":"publish","type":"page","link":"https:\/\/tatutrad.net\/en\/tatutrad-y-wpml-en\/","title":{"rendered":"Tatutrad y WPML en"},"content":{"rendered":"<p>[et_pb_section fb_built=&#8221;1&#8243; _builder_version=&#8221;4.20.2&#8243; _module_preset=&#8221;default&#8221; background_color=&#8221;#0076C0&#8243; background_enable_image=&#8221;off&#8221; max_width=&#8221;1286px&#8221; module_alignment=&#8221;center&#8221; custom_padding=&#8221;4vh||25vh||false|false&#8221; bottom_divider_style=&#8221;slant&#8221; bottom_divider_color=&#8221;#FFFFFF&#8221; locked=&#8221;off&#8221; global_colors_info=&#8221;{}&#8221;][et_pb_row _builder_version=&#8221;4.20.2&#8243; _module_preset=&#8221;default&#8221; width=&#8221;98%&#8221; global_colors_info=&#8221;{}&#8221;][et_pb_column type=&#8221;4_4&#8243; _builder_version=&#8221;4.20.2&#8243; _module_preset=&#8221;default&#8221; global_colors_info=&#8221;{}&#8221;][et_pb_button button_url=&#8221;https:\/\/tatutrad.net\/solicitud-de-presupuesto&#8221; button_text=&#8221;Estoy interesado&#8221; button_alignment=&#8221;right&#8221; _builder_version=&#8221;4.20.2&#8243; _module_preset=&#8221;default&#8221; custom_button=&#8221;on&#8221; button_text_color=&#8221;#0076C0&#8243; custom_margin=&#8221;||0px||false|false&#8221; custom_padding=&#8221;10px|40px|10px|40px|true|true&#8221; custom_css_main_element=&#8221;font-weight:400&#8243; locked=&#8221;off&#8221; global_colors_info=&#8221;{}&#8221; button_bg_color__hover_enabled=&#8221;on|hover&#8221; button_bg_color__hover=&#8221;#eaeaea&#8221; button_bg_enable_color__hover=&#8221;on&#8221; transform_styles__hover_enabled=&#8221;on|hover&#8221; transform_scale__hover_enabled=&#8221;on|hover&#8221; transform_translate__hover_enabled=&#8221;on|hover&#8221; transform_rotate__hover_enabled=&#8221;on|hover&#8221; transform_skew__hover_enabled=&#8221;on|hover&#8221; transform_origin__hover_enabled=&#8221;on|hover&#8221; transform_scale__hover=&#8221;103%|103%&#8221;][\/et_pb_button][\/et_pb_column][\/et_pb_row][et_pb_row _builder_version=&#8221;4.20.2&#8243; _module_preset=&#8221;default&#8221; width=&#8221;100%&#8221; global_colors_info=&#8221;{}&#8221;][et_pb_column type=&#8221;4_4&#8243; _builder_version=&#8221;4.20.2&#8243; _module_preset=&#8221;default&#8221; global_colors_info=&#8221;{}&#8221;][et_pb_text _builder_version=&#8221;4.20.2&#8243; _module_preset=&#8221;default&#8221; text_font=&#8221;Roboto Slab||||||||&#8221; text_text_color=&#8221;#FFFFFF&#8221; text_font_size=&#8221;60px&#8221; text_line_height=&#8221;71px&#8221; header_font=&#8221;||||||||&#8221; header_text_align=&#8221;center&#8221; header_text_color=&#8221;#FFFFFF&#8221; header_font_size=&#8221;56px&#8221; text_orientation=&#8221;center&#8221; header_font_size_tablet=&#8221;56px&#8221; header_font_size_phone=&#8221;44px&#8221; header_font_size_last_edited=&#8221;on|phone&#8221; custom_css_main_element=&#8221;font-weight:400;&#8221; global_colors_info=&#8221;{}&#8221;]<\/p>\n<p class=\"entry-title mt-3 mb-4 text-center\">Tatutrad y WPML<\/p>\n<p>[\/et_pb_text][\/et_pb_column][\/et_pb_row][\/et_pb_section][et_pb_section fb_built=&#8221;1&#8243; _builder_version=&#8221;4.20.2&#8243; _module_preset=&#8221;default&#8221; max_width=&#8221;1286px&#8221; module_alignment=&#8221;center&#8221; custom_padding=&#8221;||0px||false|false&#8221; global_colors_info=&#8221;{}&#8221;][et_pb_row _builder_version=&#8221;4.20.2&#8243; _module_preset=&#8221;default&#8221; width=&#8221;66%&#8221; module_alignment=&#8221;center&#8221; global_colors_info=&#8221;{}&#8221;][et_pb_column type=&#8221;4_4&#8243; _builder_version=&#8221;4.20.2&#8243; _module_preset=&#8221;default&#8221; global_colors_info=&#8221;{}&#8221;][et_pb_text _builder_version=&#8221;4.20.2&#8243; _module_preset=&#8221;default&#8221; text_font=&#8221;Roboto Slab||||||||&#8221; text_text_color=&#8221;#129128&#8243; text_font_size=&#8221;51px&#8221; text_line_height=&#8221;61px&#8221; text_orientation=&#8221;center&#8221; custom_css_main_element=&#8221;font-weight:100;&#8221; global_colors_info=&#8221;{}&#8221;]<\/p>\n<p>\u00a1Ya no pod\u00edamos aguantar m\u00e1s!<\/p>\n<p>[\/et_pb_text][et_pb_text _builder_version=&#8221;4.20.2&#8243; _module_preset=&#8221;default&#8221; text_font=&#8221;Roboto Slab||||||||&#8221; text_text_color=&#8221;#333333&#8243; text_font_size=&#8221;30px&#8221; text_line_height=&#8221;36px&#8221; text_orientation=&#8221;center&#8221; custom_css_main_element=&#8221;font-weight:500;&#8221; global_colors_info=&#8221;{}&#8221;]<\/p>\n<p>Nos aliamos con<a href=\"https:\/\/wpml.org\/translation-service\/tatutrad\/?\"><span style=\"color: #139129; font-weight: 700 !important;\"> WPML<\/span><\/a>, el l\u00edder en materia de plugins multiling\u00fces para WordPress.<\/p>\n<p>[\/et_pb_text][et_pb_text _builder_version=&#8221;4.20.2&#8243; _module_preset=&#8221;default&#8221; text_font=&#8221;Roboto||||||||&#8221; text_text_color=&#8221;#333333&#8243; text_font_size=&#8221;21px&#8221; text_line_height=&#8221;32px&#8221; custom_css_main_element=&#8221;font-weight:300;&#8221; global_colors_info=&#8221;{}&#8221;]Ha llegado el momento de presentar nuestra nueva colaboraci\u00f3n con uno de los plugins de WordPress m\u00e1s importantes a d\u00eda de hoy. Cada vez eran m\u00e1s recurrentes las preguntas de nuestros clientes sobre c\u00f3mo pod\u00edamos traducir sus sitios web creados en<span style=\"font-weight:400\"> WordPress <\/span>de una forma <span style=\"font-weight:400\">r\u00e1pida<\/span> y <span style=\"font-weight:400\">rentable.<\/span>[\/et_pb_text][\/et_pb_column][\/et_pb_row][\/et_pb_section][et_pb_section fb_built=&#8221;1&#8243; _builder_version=&#8221;4.20.2&#8243; _module_preset=&#8221;default&#8221; max_width=&#8221;1286px&#8221; module_alignment=&#8221;center&#8221; custom_margin=&#8221;44px||||false|false&#8221; custom_padding=&#8221;0px||0px||true|false&#8221; global_colors_info=&#8221;{}&#8221;][et_pb_row column_structure=&#8221;1_2,1_2&#8243; use_custom_gutter=&#8221;on&#8221; gutter_width=&#8221;2&#8243; _builder_version=&#8221;4.20.2&#8243; _module_preset=&#8221;default&#8221; background_image=&#8221;https:\/\/tatutrad.net\/wp-content\/uploads\/2023\/04\/blue-bg-scaled.webp&#8221; width=&#8221;100%&#8221; custom_padding=&#8221;50px|50px|50px|50px|true|true&#8221; global_colors_info=&#8221;{}&#8221;][et_pb_column type=&#8221;1_2&#8243; _builder_version=&#8221;4.20.2&#8243; _module_preset=&#8221;default&#8221; global_colors_info=&#8221;{}&#8221;][et_pb_text _builder_version=&#8221;4.20.2&#8243; _module_preset=&#8221;default&#8221; text_font=&#8221;Roboto||||||||&#8221; text_text_color=&#8221;#FFFFFF&#8221; text_font_size=&#8221;16px&#8221; text_line_height=&#8221;24px&#8221; custom_css_main_element=&#8221;font-weight:400;&#8221; global_colors_info=&#8221;{}&#8221;]<\/p>\n<p>Hasta la llegada de <span style=\"text-decoration: underline;\"><span style=\"color: #ffffff; text-decoration: underline;\"><a href=\"https:\/\/wpml.org\/translation-service\/tatutrad\/?\" style=\"color: #ffffff; text-decoration: underline;\">WPML<\/a><\/span><\/span>, cuando un cliente quer\u00eda traducir el contenido de su p\u00e1gina web creada con WordPress, ten\u00eda que extraer sus textos y enviarlos para traducir. Esto supon\u00eda un proceso largo, ya que ten\u00eda que solicitarlos al dise\u00f1ador de su web (si era otra persona), asegurarse de que se ha incluido todo el texto, comprobar que no se ha quedado nada atr\u00e1s, etc.<\/p>\n<p>Ahora, con <strong>WPML,<\/strong> es tan sencillo como instalar este plugin en el Back End de tu sitio, seleccionar a Tatutrad como el proveedor de la traducci\u00f3n y enviar el contenido de las p\u00e1ginas o entradas que te gustar\u00eda traducir a otros idiomas. El contenido que quieras nos llegar\u00e1 a nosotros autom\u00e1ticamente y nosotros nos ocuparemos de traducirlo y enviarlo a trav\u00e9s del mismo plugin cuando est\u00e9 listo. En total, puedes acortar el tiempo invertido en la traducci\u00f3n de tu sitio web en un par de clics. \u00a1Es as\u00ed de f\u00e1cil!<\/p>\n<p>[\/et_pb_text][\/et_pb_column][et_pb_column type=&#8221;1_2&#8243; _builder_version=&#8221;4.20.2&#8243; _module_preset=&#8221;default&#8221; global_colors_info=&#8221;{}&#8221;][et_pb_text _builder_version=&#8221;4.20.2&#8243; _module_preset=&#8221;default&#8221; text_font=&#8221;Roboto||||||||&#8221; text_text_color=&#8221;#FFFFFF&#8221; text_font_size=&#8221;16px&#8221; text_line_height=&#8221;24px&#8221; custom_css_main_element=&#8221;font-weight:400;&#8221; global_colors_info=&#8221;{}&#8221;]<\/p>\n<p>Entre las m\u00faltiples caracter\u00edsticas de WPML, podemos destacar que este plugin permite gestionar un sitio web en varios idiomas (hasta 40 diferentes), as\u00ed como organizar el contenido que se quiere que aparezca en cada uno de ellos.<\/p>\n<p>WPML evita la p\u00e9rdida de tiempo derivada de tener que extraer el texto, bajar y subir los cl\u00e1sicos archivos PO y MO. Basta con seleccionar el contenido dentro del mismo panel de WordPress, envi\u00e1rselo al proveedor de traducci\u00f3n<span style=\"color: #ffffff;\"><a href=\"https:\/\/wpml.org\/translation-service\/tatutrad\/#connectingtsid=553da43ae096e5bf40a25d587618aaf0\" style=\"color: #ffffff;\"><span style=\"text-decoration: underline;\"><strong> Tatutrad,<\/strong><\/span> <span style=\"text-decoration: underline;\">\u00fanico partner oficial<\/span> <\/a><\/span>al sur de la pen\u00ednsula, y nosotros mismos nos encargaremos de recibir este encargo, traducirlo, enviarlo y\u2026 \u00a1ya est\u00e1! Tu contenido se publicar\u00e1 en los idiomas que hayas elegido. Adem\u00e1s, no tienes que preocuparte por la compatibilidad de este plugin con tu tema, ya que WPML es compatible con la mayor\u00eda de temas y plugins disponibles para WordPress, lo cual facilita todav\u00eda m\u00e1s la gesti\u00f3n del contenido de tus p\u00e1ginas web.<\/p>\n<p>[\/et_pb_text][\/et_pb_column][\/et_pb_row][\/et_pb_section][et_pb_section fb_built=&#8221;1&#8243; _builder_version=&#8221;4.20.2&#8243; _module_preset=&#8221;default&#8221; global_colors_info=&#8221;{}&#8221;][et_pb_row _builder_version=&#8221;4.20.2&#8243; _module_preset=&#8221;default&#8221; width=&#8221;66%&#8221; module_alignment=&#8221;center&#8221; global_colors_info=&#8221;{}&#8221;][et_pb_column type=&#8221;4_4&#8243; _builder_version=&#8221;4.20.2&#8243; _module_preset=&#8221;default&#8221; global_colors_info=&#8221;{}&#8221;][et_pb_text _builder_version=&#8221;4.20.2&#8243; _module_preset=&#8221;default&#8221; text_font=&#8221;Roboto||||||||&#8221; text_text_color=&#8221;#333333&#8243; text_font_size=&#8221;17px&#8221; text_line_height=&#8221;26px&#8221; custom_css_main_element=&#8221;font-weight:400;&#8221; locked=&#8221;off&#8221; global_colors_info=&#8221;{}&#8221;]<\/p>\n<p>Otro aspecto que merece la pena destacar es el hecho de que WPML, a diferencia de otros plugins\u201cmultiling\u00fces\u201d o que ofrecen traducci\u00f3n gratis y de mala calidad hecha por m\u00e1quinas, te permite aumentar el posicionamiento SEO de tu sitio web gracias a la optimizaci\u00f3n de su contenido en m\u00faltiples idiomas. Podr\u00e1s tener el control absoluto de la URL que se mostrar\u00e1 en otros idiomas, definir la informaci\u00f3n meta de tus textos, generar un mayor tr\u00e1fico a tu sitio\u2026 En el mundo WPML que te ofrecemos, todo son ventajas. Si quieres conocer todav\u00eda m\u00e1s, echa un vistazo a su complet\u00edsimo sitio web disponible <span style=\"color: #008000;\"><a href=\"https:\/\/wpml.org\/es\/\" style=\"color: #008000;\" class=\"broken_link\">aqu\u00ed.<\/a><\/span><\/p>\n<p>[\/et_pb_text][\/et_pb_column][\/et_pb_row][et_pb_row column_structure=&#8221;1_2,1_2&#8243; use_custom_gutter=&#8221;on&#8221; gutter_width=&#8221;2&#8243; _builder_version=&#8221;4.20.2&#8243; _module_preset=&#8221;default&#8221; background_enable_image=&#8221;off&#8221; width=&#8221;100%&#8221; custom_padding=&#8221;50px|50px|50px|50px|true|true&#8221; locked=&#8221;off&#8221; global_colors_info=&#8221;{}&#8221;][et_pb_column type=&#8221;1_2&#8243; _builder_version=&#8221;4.20.2&#8243; _module_preset=&#8221;default&#8221; global_colors_info=&#8221;{}&#8221;][et_pb_text _builder_version=&#8221;4.20.2&#8243; _module_preset=&#8221;default&#8221; text_font=&#8221;Roboto||||||||&#8221; text_text_color=&#8221;#333333&#8243; text_font_size=&#8221;17px&#8221; text_line_height=&#8221;26px&#8221; custom_css_main_element=&#8221;font-weight:400;&#8221; global_colors_info=&#8221;{}&#8221;]<\/p>\n<p>Nos complace iniciar esta nueva relaci\u00f3n profesional con el plugin que presta sus servicios a m\u00e1s de 700 000 sitios web en WordPress. No es casualidad que ambas empresas hayamos llegado al mismo puerto: nos une nuestro trabajo constante por mejorar la accesibilidad multiling\u00fce y permitir que todas las empresas y todos los emprendedores puedan llegar m\u00e1s lejos dando un salto al mercado internacional.<\/p>\n<p>[\/et_pb_text][\/et_pb_column][et_pb_column type=&#8221;1_2&#8243; _builder_version=&#8221;4.20.2&#8243; _module_preset=&#8221;default&#8221; global_colors_info=&#8221;{}&#8221;][et_pb_text _builder_version=&#8221;4.20.2&#8243; _module_preset=&#8221;default&#8221; text_font=&#8221;Roboto||||||||&#8221; text_text_color=&#8221;#333333&#8243; text_font_size=&#8221;17px&#8221; text_line_height=&#8221;26px&#8221; custom_css_main_element=&#8221;font-weight:400;&#8221; global_colors_info=&#8221;{}&#8221;]<\/p>\n<p>Una mejor internacionalizaci\u00f3n, aumento del tr\u00e1fico web, mejor posicionamiento SEO en otros pa\u00edses, posible captaci\u00f3n y fidelizaci\u00f3n de nuevos clientes\u2026 Un sitio web multiling\u00fce nos aporta innumerables beneficios, como ya adelant\u00e1bamos en nuestra entrada sobre una estrategia de contenidos multiling\u00fce. Si hasta ahora pensabas que el hecho de tener tu p\u00e1gina creada mediante este CMS te limitaba en cierto modo, nos alegramos de comunicarte que esto ha llegado a su fin.<\/p>\n<p>[\/et_pb_text][\/et_pb_column][\/et_pb_row][et_pb_row _builder_version=&#8221;4.20.2&#8243; _module_preset=&#8221;default&#8221; width=&#8221;66%&#8221; module_alignment=&#8221;center&#8221; locked=&#8221;off&#8221; global_colors_info=&#8221;{}&#8221;][et_pb_column type=&#8221;4_4&#8243; _builder_version=&#8221;4.20.2&#8243; _module_preset=&#8221;default&#8221; global_colors_info=&#8221;{}&#8221;][et_pb_text _builder_version=&#8221;4.20.2&#8243; _module_preset=&#8221;default&#8221; text_font=&#8221;Roboto||||||||&#8221; text_text_color=&#8221;#333333&#8243; text_font_size=&#8221;17px&#8221; text_line_height=&#8221;26px&#8221; custom_css_main_element=&#8221;font-weight:400;&#8221; locked=&#8221;off&#8221; global_colors_info=&#8221;{}&#8221;]<\/p>\n<p>Si te dedicas al dise\u00f1o web, gestionas tu propia p\u00e1gina de WordPress, quieres <strong>traducir<\/strong> tu sitio a otros idiomas o est\u00e1s pensando en emprender un negocio digital con contenido multiling\u00fce, tenemos la soluci\u00f3n perfecta para ti, haz clic aqu\u00ed y comienza ya a beneficiarte de sus ventajas. No dudes en ponerte en contacto con nosotros para recibir m\u00e1s informaci\u00f3n sobre este nuevo servicio, lo mucho que puede ofrecerte y lo f\u00e1cil que resulta hacer uso de WPML como aliado de Tatutrad. Si lo necesitas, te guiaremos paso a paso para ayudarte a configurar este plugin y que podamos empezar cuanto antes a ampliar tus horizontes.<\/p>\n<p>[\/et_pb_text][\/et_pb_column][\/et_pb_row][et_pb_row _builder_version=&#8221;4.20.2&#8243; _module_preset=&#8221;default&#8221; width=&#8221;66%&#8221; module_alignment=&#8221;center&#8221; custom_margin=&#8221;15px||||false|false&#8221; global_colors_info=&#8221;{}&#8221;][et_pb_column type=&#8221;4_4&#8243; _builder_version=&#8221;4.20.2&#8243; _module_preset=&#8221;default&#8221; global_colors_info=&#8221;{}&#8221;][et_pb_text _builder_version=&#8221;4.20.2&#8243; _module_preset=&#8221;default&#8221; text_font=&#8221;Roboto Slab||||||||&#8221; text_text_color=&#8221;#333333&#8243; text_font_size=&#8221;34px&#8221; text_line_height=&#8221;41px&#8221; text_orientation=&#8221;center&#8221; custom_css_main_element=&#8221;font-weight:500&#8243; global_colors_info=&#8221;{}&#8221;]<\/p>\n<p>Nos encanta crecer por ti, pero, sobre todo, contigo.<\/p>\n<p>[\/et_pb_text][\/et_pb_column][\/et_pb_row][\/et_pb_section]<\/p>\n","protected":false},"excerpt":{"rendered":"<p>Tatutrad y WPML\u00a1Ya no pod\u00edamos aguantar m\u00e1s!Nos aliamos con WPML, el l\u00edder en materia de plugins multiling\u00fces para WordPress.Ha llegado el momento de presentar nuestra nueva colaboraci\u00f3n con uno de los plugins de WordPress m\u00e1s importantes a d\u00eda de hoy. Cada vez eran m\u00e1s recurrentes las preguntas de nuestros clientes sobre c\u00f3mo pod\u00edamos traducir sus [&hellip;]<\/p>\n","protected":false},"author":6,"featured_media":0,"parent":0,"menu_order":0,"comment_status":"closed","ping_status":"closed","template":"","meta":{"_et_pb_use_builder":"on","_et_pb_old_content":"","_et_gb_content_width":"","_uag_custom_page_level_css":"","_monsterinsights_skip_tracking":false,"_monsterinsights_sitenote_active":false,"_monsterinsights_sitenote_note":"","_monsterinsights_sitenote_category":0,"_uf_show_specific_survey":0,"_uf_disable_surveys":false,"footnotes":""},"class_list":["post-7366","page","type-page","status-publish","hentry"],"yoast_head":"<!-- This site is optimized with the Yoast SEO plugin v24.8.1 - https:\/\/yoast.com\/wordpress\/plugins\/seo\/ -->\n<title>Tatutrad &amp; WPML | Seamless Website Translation &amp; Localization<\/title>\n<meta name=\"robots\" content=\"index, follow, max-snippet:-1, max-image-preview:large, max-video-preview:-1\" \/>\n<link rel=\"canonical\" href=\"https:\/\/tatutrad.net\/en\/tatutrad-y-wpml-en\/\" \/>\n<meta property=\"og:locale\" content=\"en_US\" \/>\n<meta property=\"og:type\" content=\"article\" \/>\n<meta property=\"og:title\" content=\"Tatutrad &amp; WPML | Seamless Website Translation &amp; Localization\" \/>\n<meta property=\"og:description\" content=\"Tatutrad y WPML\u00a1Ya no pod\u00edamos aguantar m\u00e1s!Nos aliamos con WPML, el l\u00edder en materia de plugins multiling\u00fces para WordPress.Ha llegado el momento de presentar nuestra nueva colaboraci\u00f3n con uno de los plugins de WordPress m\u00e1s importantes a d\u00eda de hoy. Cada vez eran m\u00e1s recurrentes las preguntas de nuestros clientes sobre c\u00f3mo pod\u00edamos traducir sus [&hellip;]\" \/>\n<meta property=\"og:url\" content=\"https:\/\/tatutrad.net\/en\/tatutrad-y-wpml-en\/\" \/>\n<meta property=\"og:site_name\" content=\"Tatutrad\" \/>\n<meta property=\"article:modified_time\" content=\"2025-04-03T09:17:39+00:00\" \/>\n<meta property=\"og:image\" content=\"https:\/\/tatutrad.net\/wp-content\/uploads\/2024\/11\/TATUTRAD-communication-for-a-worldwide-reach-1200-675.jpg\" \/>\n\t<meta property=\"og:image:width\" content=\"1200\" \/>\n\t<meta property=\"og:image:height\" content=\"675\" \/>\n\t<meta property=\"og:image:type\" content=\"image\/jpeg\" \/>\n<meta name=\"twitter:card\" content=\"summary_large_image\" \/>\n<meta name=\"twitter:label1\" content=\"Est. reading time\" \/>\n\t<meta name=\"twitter:data1\" content=\"4 minutes\" \/>\n<script type=\"application\/ld+json\" class=\"yoast-schema-graph\">{\"@context\":\"https:\/\/schema.org\",\"@graph\":[{\"@type\":\"WebPage\",\"@id\":\"https:\/\/tatutrad.net\/en\/tatutrad-y-wpml-en\/\",\"url\":\"https:\/\/tatutrad.net\/en\/tatutrad-y-wpml-en\/\",\"name\":\"Tatutrad & WPML | Seamless Website Translation & Localization\",\"isPartOf\":{\"@id\":\"https:\/\/tatutrad.net\/en\/#website\"},\"datePublished\":\"2023-04-01T06:14:53+00:00\",\"dateModified\":\"2025-04-03T09:17:39+00:00\",\"breadcrumb\":{\"@id\":\"https:\/\/tatutrad.net\/en\/tatutrad-y-wpml-en\/#breadcrumb\"},\"inLanguage\":\"en-US\",\"potentialAction\":[{\"@type\":\"ReadAction\",\"target\":[\"https:\/\/tatutrad.net\/en\/tatutrad-y-wpml-en\/\"]}]},{\"@type\":\"BreadcrumbList\",\"@id\":\"https:\/\/tatutrad.net\/en\/tatutrad-y-wpml-en\/#breadcrumb\",\"itemListElement\":[{\"@type\":\"ListItem\",\"position\":1,\"name\":\"Home\",\"item\":\"https:\/\/tatutrad.net\/en\/inicio\/\"},{\"@type\":\"ListItem\",\"position\":2,\"name\":\"Tatutrad y WPML en\"}]},{\"@type\":\"WebSite\",\"@id\":\"https:\/\/tatutrad.net\/en\/#website\",\"url\":\"https:\/\/tatutrad.net\/en\/\",\"name\":\"Tatutrad\",\"description\":\"Tatutrad. Traductores Profesionales en Sevilla.\",\"publisher\":{\"@id\":\"https:\/\/tatutrad.net\/en\/#organization\"},\"potentialAction\":[{\"@type\":\"SearchAction\",\"target\":{\"@type\":\"EntryPoint\",\"urlTemplate\":\"https:\/\/tatutrad.net\/en\/?s={search_term_string}\"},\"query-input\":{\"@type\":\"PropertyValueSpecification\",\"valueRequired\":true,\"valueName\":\"search_term_string\"}}],\"inLanguage\":\"en-US\"},{\"@type\":\"Organization\",\"@id\":\"https:\/\/tatutrad.net\/en\/#organization\",\"name\":\"Tatutrad\",\"url\":\"https:\/\/tatutrad.net\/en\/\",\"logo\":{\"@type\":\"ImageObject\",\"inLanguage\":\"en-US\",\"@id\":\"https:\/\/tatutrad.net\/en\/#\/schema\/logo\/image\/\",\"url\":\"https:\/\/tatutrad.net\/wp-content\/uploads\/2023\/03\/main-logo@2x-1.png\",\"contentUrl\":\"https:\/\/tatutrad.net\/wp-content\/uploads\/2023\/03\/main-logo@2x-1.png\",\"width\":218,\"height\":261,\"caption\":\"Tatutrad\"},\"image\":{\"@id\":\"https:\/\/tatutrad.net\/en\/#\/schema\/logo\/image\/\"}}]}<\/script>\n<!-- \/ Yoast SEO plugin. -->","yoast_head_json":{"title":"Tatutrad & WPML | Seamless Website Translation & Localization","robots":{"index":"index","follow":"follow","max-snippet":"max-snippet:-1","max-image-preview":"max-image-preview:large","max-video-preview":"max-video-preview:-1"},"canonical":"https:\/\/tatutrad.net\/en\/tatutrad-y-wpml-en\/","og_locale":"en_US","og_type":"article","og_title":"Tatutrad & WPML | Seamless Website Translation & Localization","og_description":"Tatutrad y WPML\u00a1Ya no pod\u00edamos aguantar m\u00e1s!Nos aliamos con WPML, el l\u00edder en materia de plugins multiling\u00fces para WordPress.Ha llegado el momento de presentar nuestra nueva colaboraci\u00f3n con uno de los plugins de WordPress m\u00e1s importantes a d\u00eda de hoy. Cada vez eran m\u00e1s recurrentes las preguntas de nuestros clientes sobre c\u00f3mo pod\u00edamos traducir sus [&hellip;]","og_url":"https:\/\/tatutrad.net\/en\/tatutrad-y-wpml-en\/","og_site_name":"Tatutrad","article_modified_time":"2025-04-03T09:17:39+00:00","og_image":[{"width":1200,"height":675,"url":"https:\/\/tatutrad.net\/wp-content\/uploads\/2024\/11\/TATUTRAD-communication-for-a-worldwide-reach-1200-675.jpg","type":"image\/jpeg"}],"twitter_card":"summary_large_image","twitter_misc":{"Est. reading time":"4 minutes"},"schema":{"@context":"https:\/\/schema.org","@graph":[{"@type":"WebPage","@id":"https:\/\/tatutrad.net\/en\/tatutrad-y-wpml-en\/","url":"https:\/\/tatutrad.net\/en\/tatutrad-y-wpml-en\/","name":"Tatutrad & WPML | Seamless Website Translation & Localization","isPartOf":{"@id":"https:\/\/tatutrad.net\/en\/#website"},"datePublished":"2023-04-01T06:14:53+00:00","dateModified":"2025-04-03T09:17:39+00:00","breadcrumb":{"@id":"https:\/\/tatutrad.net\/en\/tatutrad-y-wpml-en\/#breadcrumb"},"inLanguage":"en-US","potentialAction":[{"@type":"ReadAction","target":["https:\/\/tatutrad.net\/en\/tatutrad-y-wpml-en\/"]}]},{"@type":"BreadcrumbList","@id":"https:\/\/tatutrad.net\/en\/tatutrad-y-wpml-en\/#breadcrumb","itemListElement":[{"@type":"ListItem","position":1,"name":"Home","item":"https:\/\/tatutrad.net\/en\/inicio\/"},{"@type":"ListItem","position":2,"name":"Tatutrad y WPML en"}]},{"@type":"WebSite","@id":"https:\/\/tatutrad.net\/en\/#website","url":"https:\/\/tatutrad.net\/en\/","name":"Tatutrad","description":"Tatutrad. Traductores Profesionales en Sevilla.","publisher":{"@id":"https:\/\/tatutrad.net\/en\/#organization"},"potentialAction":[{"@type":"SearchAction","target":{"@type":"EntryPoint","urlTemplate":"https:\/\/tatutrad.net\/en\/?s={search_term_string}"},"query-input":{"@type":"PropertyValueSpecification","valueRequired":true,"valueName":"search_term_string"}}],"inLanguage":"en-US"},{"@type":"Organization","@id":"https:\/\/tatutrad.net\/en\/#organization","name":"Tatutrad","url":"https:\/\/tatutrad.net\/en\/","logo":{"@type":"ImageObject","inLanguage":"en-US","@id":"https:\/\/tatutrad.net\/en\/#\/schema\/logo\/image\/","url":"https:\/\/tatutrad.net\/wp-content\/uploads\/2023\/03\/main-logo@2x-1.png","contentUrl":"https:\/\/tatutrad.net\/wp-content\/uploads\/2023\/03\/main-logo@2x-1.png","width":218,"height":261,"caption":"Tatutrad"},"image":{"@id":"https:\/\/tatutrad.net\/en\/#\/schema\/logo\/image\/"}}]}},"uagb_featured_image_src":{"full":false,"thumbnail":false,"medium":false,"medium_large":false,"large":false,"1536x1536":false,"2048x2048":false,"et-pb-post-main-image":false,"et-pb-post-main-image-fullwidth":false,"et-pb-portfolio-image":false,"et-pb-portfolio-module-image":false,"et-pb-portfolio-image-single":false,"et-pb-gallery-module-image-portrait":false,"et-pb-post-main-image-fullwidth-large":false,"et-pb-image--responsive--desktop":false,"et-pb-image--responsive--tablet":false,"et-pb-image--responsive--phone":false},"uagb_author_info":{"display_name":"Rosario de Zayas","author_link":"https:\/\/tatutrad.net\/en\/author\/rosario_tatutrad\/"},"uagb_comment_info":0,"uagb_excerpt":"Tatutrad y WPML\u00a1Ya no pod\u00edamos aguantar m\u00e1s!Nos aliamos con WPML, el l\u00edder en materia de plugins multiling\u00fces para WordPress.Ha llegado el momento de presentar nuestra nueva colaboraci\u00f3n con uno de los plugins de WordPress m\u00e1s importantes a d\u00eda de hoy. Cada vez eran m\u00e1s recurrentes las preguntas de nuestros clientes sobre c\u00f3mo pod\u00edamos traducir sus&hellip;","_links":{"self":[{"href":"https:\/\/tatutrad.net\/en\/wp-json\/wp\/v2\/pages\/7366","targetHints":{"allow":["GET"]}}],"collection":[{"href":"https:\/\/tatutrad.net\/en\/wp-json\/wp\/v2\/pages"}],"about":[{"href":"https:\/\/tatutrad.net\/en\/wp-json\/wp\/v2\/types\/page"}],"author":[{"embeddable":true,"href":"https:\/\/tatutrad.net\/en\/wp-json\/wp\/v2\/users\/6"}],"replies":[{"embeddable":true,"href":"https:\/\/tatutrad.net\/en\/wp-json\/wp\/v2\/comments?post=7366"}],"version-history":[{"count":2,"href":"https:\/\/tatutrad.net\/en\/wp-json\/wp\/v2\/pages\/7366\/revisions"}],"predecessor-version":[{"id":9733,"href":"https:\/\/tatutrad.net\/en\/wp-json\/wp\/v2\/pages\/7366\/revisions\/9733"}],"wp:attachment":[{"href":"https:\/\/tatutrad.net\/en\/wp-json\/wp\/v2\/media?parent=7366"}],"curies":[{"name":"wp","href":"https:\/\/api.w.org\/{rel}","templated":true}]}}